{"id":424,"date":"2018-01-18T11:29:31","date_gmt":"2018-01-18T09:29:31","guid":{"rendered":"http:\/\/devpra.saga.fi\/beauty\/?page_id=424"},"modified":"2026-03-10T11:54:43","modified_gmt":"2026-03-10T09:54:43","slug":"koulutus","status":"publish","type":"page","link":"https:\/\/www.saga.fi\/beauty\/koulutus\/","title":{"rendered":"Koulutus"},"content":{"rendered":"\n<style type=\"text\/css\" data-created_by=\"avia_inline_auto\" id=\"style-css-av-12jxls-4ee50177ed87ee83d02c40e0df83ecc5\">\n.flex_column.av-12jxls-4ee50177ed87ee83d02c40e0df83ecc5{\nborder-radius:0px 0px 0px 0px;\npadding:0px 0px 0px 0px;\n}\n<\/style>\n<div  class='flex_column av-12jxls-4ee50177ed87ee83d02c40e0df83ecc5 av_one_full  avia-builder-el-0  el_before_av_one_full  avia-builder-el-first  first flex_column_div av-zero-column-padding  '     ><p>\n<style type=\"text\/css\" data-created_by=\"avia_inline_auto\" id=\"style-css-av-b4x74-09aff9045c7eebe78eccd176f95fed27\">\n#top .av-special-heading.av-b4x74-09aff9045c7eebe78eccd176f95fed27{\npadding-bottom:10px;\n}\nbody .av-special-heading.av-b4x74-09aff9045c7eebe78eccd176f95fed27 .av-special-heading-tag .heading-char{\nfont-size:25px;\n}\n.av-special-heading.av-b4x74-09aff9045c7eebe78eccd176f95fed27 .av-subheading{\nfont-size:15px;\n}\n<\/style>\n<div  class='av-special-heading av-b4x74-09aff9045c7eebe78eccd176f95fed27 av-special-heading-h1 blockquote modern-quote  avia-builder-el-1  el_before_av_textblock  avia-builder-el-first '><h1 class='av-special-heading-tag '  itemprop=\"headline\"  >Koulutukset kauneusalan ammattilaisille<\/h1><div class=\"special-heading-border\"><div class=\"special-heading-inner-border\"><\/div><\/div><\/div><br \/>\n<section  class='av_textblock_section av-k0xiya0i-4c84144a84a07d35e8003995f701a163 '   itemscope=\"itemscope\" itemtype=\"https:\/\/schema.org\/CreativeWork\" ><div class='avia_textblock'  itemprop=\"text\" ><p>Tervetuloa kehitt\u00e4m\u00e4\u00e4n osaamistasi huippulaadukkaiden ammattikosmetiikkasarjojen parissa! Tarjoamme monipuolisia ja k\u00e4yt\u00e4nn\u00f6nl\u00e4heisi\u00e4 koulutuksia kauneusalan ammattilaisille \u2013 kosmetologeille, maskeeraajille, kauneudenhoitoalan opiskelijoille ja muille kauneudenhoitoalan ammattilaisille ja j\u00e4lleenmyyjille, jotka haluavat tarjota asiakkailleen parasta.<\/p>\n<p>Koulutuksemme yhdist\u00e4v\u00e4t uusimman ihonhoitotiet\u00e4myksen, hoitotekniikat ja tuoteosaamisen. Oletko aloittamassa uuden sarjan kanssa tai haluatko syvent\u00e4\u00e4 tietojasi? Saat meilt\u00e4 asiantuntevan tuen ja inspiroivan koulutuksen.<\/p>\n<p>Koulutukset j\u00e4rjestet\u00e4\u00e4n joko Naantalin kylpyl\u00e4ss\u00e4, verkossa tai sovitusti omassa hoitolassasi \u2013 joustavasti sinun tarpeidesi mukaan.<\/p>\n<p>Kasvata asiantuntemustasi, erotu kilpailijoista ja kehit\u00e4 liiketoimintaasi \u2013 me autamme sinua onnistumaan!<\/p>\n<p>J\u00e4rjest\u00e4mme koulutuksia sopimuksen mukaan, kysy lis\u00e4\u00e4 koulutusmahdollisuuksista asiakaspalvelustamme <a href=\"tel:+35824456230\">02 445 6200<\/a> tai <a href=\"mailto:myynti@saga.fi\">myynti@saga.fi<\/a><\/p>\n<div><\/div>\n<div><\/div>\n<div><\/div>\n<\/div><\/section><\/p><\/div>\n<style type=\"text\/css\" data-created_by=\"avia_inline_auto\" id=\"style-css-av-k6tg8-07df1b5d5a302375d48cdcf00a7c5a4d\">\n.flex_column.av-k6tg8-07df1b5d5a302375d48cdcf00a7c5a4d{\nborder-radius:0px 0px 0px 0px;\npadding:20px 20px 20px 20px;\nbackground-color:#e7f1ff;\n}\n<\/style>\n<div  class='flex_column av-k6tg8-07df1b5d5a302375d48cdcf00a7c5a4d av_one_full  avia-builder-el-3  el_after_av_one_full  avia-builder-el-last  first flex_column_div  column-top-margin'     ><section  class='av_textblock_section av-big2w-e1b52c25629fd7105295fb56ecf3b443 '   itemscope=\"itemscope\" itemtype=\"https:\/\/schema.org\/CreativeWork\" ><div class='avia_textblock'  itemprop=\"text\" ><div class=\"wpforms-container wpforms-container-full\" id=\"wpforms-1063\"><form id=\"wpforms-form-1063\" class=\"wpforms-validate wpforms-form\" data-formid=\"1063\" method=\"post\" enctype=\"multipart\/form-data\" action=\"\/beauty\/wp-json\/wp\/v2\/pages\/424\" data-token=\"dafded8cdf776068ce84a2147e56fa29\" data-token-time=\"1776202451\"><noscript class=\"wpforms-error-noscript\">Please enable JavaScript in your browser to complete this form.<\/noscript><div class=\"wpforms-field-container\"><div id=\"wpforms-1063-field_10-container\" class=\"wpforms-field wpforms-field-divider\" data-field-id=\"10\"><h3 id=\"wpforms-1063-field_10\">Kiinnostaako sinua tuotekoulutuksemme?<\/h3><div class=\"wpforms-field-description\">Tuomme maahan useita arvostettuja ihonhoito- ja kosmetiikkasarjoja. Valikoimassamme on erilaisia tuotteita myyntiin ja ammattik\u00e4ytt\u00f6\u00f6n, sek\u00e4 kokonaisvaltaisiin ja hemmotteleviin spa-hoitoihin.  R\u00e4\u00e4t\u00e4l\u00f6imme sarjakohtaiset koulutukset sinun tarpeidesi mukaan. Ota yhteytt\u00e4 meihin ja sovitaan yhdess\u00e4 ajankohta joko perus- tai kertauskoulutukseen.<\/div><\/div><div id=\"wpforms-1063-field_5-container\" class=\"wpforms-field wpforms-field-divider\" data-field-id=\"5\"><h3 id=\"wpforms-1063-field_5\">PHYTOMER \u2013 merellist\u00e4 ammattikosmetiikkaa<\/h3><div class=\"wpforms-field-description\">Phytomer on merellisen kauneudenhoidon asiantuntija thalassoterapian synnyinseuduilta, Ranskan Saint-Malosta. T\u00e4ydellinen Spa-hoitosarja, joka luo merellisen maailman hoitohuoneeseen erikoistuotteillaan ja ainutlaatuisilla hoitotekniikoillaan. Phytomerin inspiraationa on meren monimuotoisuus ja suojeleminen. Br\u00e4ndi on saanut maailmanlaajuista tunnustusta ammattitaidostaan merellisten ainesosien ja biologian asiantuntijana. Tehokkaat, laadukkaat ja turvalliset tuotteet; ihoa ja ymp\u00e4rist\u00f6\u00e4 kunnioittaen.<\/div><\/div><div id=\"wpforms-1063-field_8-container\" class=\"wpforms-field wpforms-field-divider\" data-field-id=\"8\"><h3 id=\"wpforms-1063-field_8\">FLEUR&#039;S \u2013 beauty of women<\/h3><div class=\"wpforms-field-description\">\u201dFleur\u2019s saa kauneuden ja hyvinvoinnin puhkeamaan kukkaan\u201d Fleur\u2019s juhlii naisten kauneutta jokaisessa el\u00e4m\u00e4n vaiheessa. Ihonhoitotuotteet on kehitelty kauniin ja terveen ihon saavuttamiseksi. Jokainen hoito perustuu ihon tarpeisiin ja on linkitettyn\u00e4 naisen el\u00e4m\u00e4n eri vaiheisiin. Fleur's on ylellinen ammattikosmetiikkasarja ja tuhansien hoitoloiden yhteisty\u00f6kumppani Ranskassa ja ymp\u00e4ri maailmaa.<\/div><\/div><div id=\"wpforms-1063-field_4-container\" class=\"wpforms-field wpforms-field-divider\" data-field-id=\"4\"><h3 id=\"wpforms-1063-field_4\">VIE COLLECTION \u2013 inspiraationa esteettinen l\u00e4\u00e4ketiede<\/h3><div class=\"wpforms-field-description\">Dermokosmetiikan edell\u00e4k\u00e4vij\u00e4, joka on keskittynyt ihon nuorekkuuden s\u00e4ilytt\u00e4miseen. Erikoiskasvohoidot ihon ik\u00e4\u00e4ntymismuutosten hidastamiseen ja h\u00e4ivytt\u00e4miseen. Vie Collection tutkijat toimivat  tiiviiss\u00e4 yhteisty\u00f6ss\u00e4 plastiikkakirurgin kanssa, hoitojen ja tuotteiden tehon vahvistamiseksi. Sarja hy\u00f6dynt\u00e4\u00e4 dermokosmetiikan tunnetuimpia aktiiviaineita ja lis\u00e4\u00e4 niiden tehokkuutta omilla innovaatioillaan.<\/div><\/div><div id=\"wpforms-1063-field_3-container\" class=\"wpforms-field wpforms-field-divider\" data-field-id=\"3\"><h3 id=\"wpforms-1063-field_3\">ALESSANDRO \u2013 k\u00e4sien- ja jalkojenhoidon asiantuntija<\/h3><div class=\"wpforms-field-description\">Tunnettu saksalainen k\u00e4sien- ja jalkojenhoidon edell\u00e4k\u00e4vij\u00e4. Ammattilaisten ammattilaisille kehitt\u00e4m\u00e4 Alessandro tarjoaa kattavan ja korkealuokkaisen tuotevalikoiman myyntiin ja ammattik\u00e4ytt\u00f6\u00f6n kaikenkokoisille hoitoloille. Valikoimassa on my\u00f6s paljon suosittuja kynsilakkoja.<\/div><\/div><div id=\"wpforms-1063-field_11-container\" class=\"wpforms-field wpforms-field-divider\" data-field-id=\"11\"><h3 id=\"wpforms-1063-field_11\">STAGECOLOR \u2013 innovatiivinen ammattimeikkisarja<\/h3><div class=\"wpforms-field-description\">Make up your day! Saksalainen korkealuokkainen ammattimeikkisarja. Stagecolor on kehitetty palvelemaan niin ammattimaskeeraajia, kosmetologeja kuin kuluttajiakin. Sarjan tuotteet sis\u00e4lt\u00e4v\u00e4t paljon pigmentti\u00e4 ja hoitavia ainesosia, jotka kosteuttavat ja huolehtivat ihon hyvinvoinnista ja kauneudesta.<\/div><\/div><div id=\"wpforms-1063-field_21-container\" class=\"wpforms-field wpforms-field-html\" data-field-id=\"21\"><div id=\"wpforms-1063-field_21\"><hr \/><\/div><\/div><div id=\"wpforms-1063-field_13-container\" class=\"wpforms-field wpforms-field-divider\" data-field-id=\"13\"><h3 id=\"wpforms-1063-field_13\">Yhteystiedot<\/h3><\/div><div id=\"wpforms-1063-field_14-container\" class=\"wpforms-field wpforms-field-name\" data-field-id=\"14\"><label class=\"wpforms-field-label\" for=\"wpforms-1063-field_14\">Nimi <span class=\"wpforms-required-label\">*<\/span><\/label><input type=\"text\" id=\"wpforms-1063-field_14\" class=\"wpforms-field-medium wpforms-field-required\" name=\"wpforms[fields][14]\" required><\/div><div id=\"wpforms-1063-field_17-container\" class=\"wpforms-field wpforms-field-email\" data-field-id=\"17\"><label class=\"wpforms-field-label\" for=\"wpforms-1063-field_17\">S\u00e4hk\u00f6posti <span class=\"wpforms-required-label\">*<\/span><\/label><input type=\"email\" id=\"wpforms-1063-field_17\" class=\"wpforms-field-medium wpforms-field-required\" name=\"wpforms[fields][17]\" spellcheck=\"false\" required><\/div><div id=\"wpforms-1063-field_15-container\" class=\"wpforms-field wpforms-field-text\" data-field-id=\"15\"><label class=\"wpforms-field-label\" for=\"wpforms-1063-field_15\">Yritys<\/label><input type=\"text\" id=\"wpforms-1063-field_15\" class=\"wpforms-field-medium\" name=\"wpforms[fields][15]\" ><\/div><div id=\"wpforms-1063-field_16-container\" class=\"wpforms-field wpforms-field-phone\" data-field-id=\"16\"><label class=\"wpforms-field-label\" for=\"wpforms-1063-field_16\">Puhelin<\/label><input type=\"tel\" id=\"wpforms-1063-field_16\" class=\"wpforms-field-medium\" data-rule-int-phone-field=\"true\" name=\"wpforms[fields][16]\" aria-label=\"Puhelin\" ><\/div><div id=\"wpforms-1063-field_19-container\" class=\"wpforms-field wpforms-field-textarea\" data-field-id=\"19\"><label class=\"wpforms-field-label\" for=\"wpforms-1063-field_19\">Viesti <span class=\"wpforms-required-label\">*<\/span><\/label><textarea id=\"wpforms-1063-field_19\" class=\"wpforms-field-medium wpforms-field-required\" name=\"wpforms[fields][19]\" placeholder=\"Kerro esimerkiksi mink\u00e4 tuotesarjan koulutus sinua kiinnostaa\" required><\/textarea><\/div><div id=\"wpforms-1063-field_18-container\" class=\"wpforms-field wpforms-field-gdpr-checkbox\" data-field-id=\"18\"><label class=\"wpforms-field-label\">Tietojen tallennus <span class=\"wpforms-required-label\">*<\/span><\/label><ul id=\"wpforms-1063-field_18\" class=\"wpforms-field-required\"><li class=\"choice-1\"><input type=\"checkbox\" id=\"wpforms-1063-field_18_1\" name=\"wpforms[fields][18][]\" value=\"Hyv\u00e4ksyn tietojeni tallennuksen, jotta ilmoittautumista voidaan k\u00e4sitell\u00e4.\" required ><label class=\"wpforms-field-label-inline\" for=\"wpforms-1063-field_18_1\">Hyv\u00e4ksyn tietojeni tallennuksen, jotta ilmoittautumista voidaan k\u00e4sitell\u00e4.<\/label><\/li><\/ul><\/div><\/div><!-- .wpforms-field-container --><div class=\"wpforms-field wpforms-field-hp\"><label for=\"wpforms-1063-field-hp\" class=\"wpforms-field-label\">Comment<\/label><input type=\"text\" name=\"wpforms[hp]\" id=\"wpforms-1063-field-hp\" class=\"wpforms-field-medium\"><\/div><div class=\"wpforms-submit-container\" ><input type=\"hidden\" name=\"wpforms[id]\" value=\"1063\"><input type=\"hidden\" name=\"page_title\" value=\"\"><input type=\"hidden\" name=\"page_url\" value=\"https:\/\/www.saga.fi\/beauty\/wp-json\/wp\/v2\/pages\/424\"><input type=\"hidden\" name=\"url_referer\" value=\"\"><button type=\"submit\" name=\"wpforms[submit]\" id=\"wpforms-submit-1063\" class=\"wpforms-submit\" data-alt-text=\"L\u00e4hetet\u00e4\u00e4n...\" data-submit-text=\"L\u00e4het\u00e4\" aria-live=\"assertive\" value=\"wpforms-submit\">L\u00e4het\u00e4<\/button><\/div><\/form><\/div>  <!-- .wpforms-container -->\n<\/div><\/section><\/div><\/p>\n","protected":false},"excerpt":{"rendered":"","protected":false},"author":2,"featured_media":0,"parent":0,"menu_order":12,"comment_status":"closed","ping_status":"closed","template":"","meta":{"_acf_changed":false,"footnotes":""},"class_list":["post-424","page","type-page","status-publish","hentry"],"acf":[],"yoast_head":"<!-- This site is optimized with the Yoast SEO plugin v27.2 - https:\/\/yoast.com\/product\/yoast-seo-wordpress\/ -->\n<title>Koulutus - Saga Beauty | Saga Trade Finland<\/title>\n<meta name=\"robots\" content=\"index, follow, max-snippet:-1, max-image-preview:large, max-video-preview:-1\" \/>\n<link rel=\"canonical\" href=\"https:\/\/www.saga.fi\/beauty\/koulutus\/\" \/>\n<meta property=\"og:locale\" content=\"fi_FI\" \/>\n<meta property=\"og:type\" content=\"article\" \/>\n<meta property=\"og:title\" content=\"Koulutus - Saga Beauty | Saga Trade Finland\" \/>\n<meta property=\"og:url\" content=\"https:\/\/www.saga.fi\/beauty\/koulutus\/\" \/>\n<meta property=\"og:site_name\" content=\"Saga Beauty | Saga Trade Finland\" \/>\n<meta property=\"article:publisher\" content=\"https:\/\/www.facebook.com\/Spashop.fi\" \/>\n<meta property=\"article:modified_time\" content=\"2026-03-10T09:54:43+00:00\" \/>\n<meta name=\"twitter:card\" content=\"summary_large_image\" \/>\n<meta name=\"twitter:label1\" content=\"Arvioitu lukuaika\" \/>\n\t<meta name=\"twitter:data1\" content=\"2 minuuttia\" \/>\n<script type=\"application\/ld+json\" class=\"yoast-schema-graph\">{\"@context\":\"https:\/\/schema.org\",\"@graph\":[{\"@type\":\"WebPage\",\"@id\":\"https:\/\/www.saga.fi\/beauty\/koulutus\/\",\"url\":\"https:\/\/www.saga.fi\/beauty\/koulutus\/\",\"name\":\"Koulutus - Saga Beauty | Saga Trade Finland\",\"isPartOf\":{\"@id\":\"https:\/\/www.saga.fi\/beauty\/#website\"},\"datePublished\":\"2018-01-18T09:29:31+00:00\",\"dateModified\":\"2026-03-10T09:54:43+00:00\",\"breadcrumb\":{\"@id\":\"https:\/\/www.saga.fi\/beauty\/koulutus\/#breadcrumb\"},\"inLanguage\":\"fi\",\"potentialAction\":[{\"@type\":\"ReadAction\",\"target\":[\"https:\/\/www.saga.fi\/beauty\/koulutus\/\"]}]},{\"@type\":\"BreadcrumbList\",\"@id\":\"https:\/\/www.saga.fi\/beauty\/koulutus\/#breadcrumb\",\"itemListElement\":[{\"@type\":\"ListItem\",\"position\":1,\"name\":\"Home\",\"item\":\"https:\/\/www.saga.fi\/beauty\/etusivu\/\"},{\"@type\":\"ListItem\",\"position\":2,\"name\":\"Koulutus\"}]},{\"@type\":\"WebSite\",\"@id\":\"https:\/\/www.saga.fi\/beauty\/#website\",\"url\":\"https:\/\/www.saga.fi\/beauty\/\",\"name\":\"Saga Beauty | Saga Trade Finland\",\"description\":\"Laatukosmetiikan maahantuonti\",\"publisher\":{\"@id\":\"https:\/\/www.saga.fi\/beauty\/#organization\"},\"potentialAction\":[{\"@type\":\"SearchAction\",\"target\":{\"@type\":\"EntryPoint\",\"urlTemplate\":\"https:\/\/www.saga.fi\/beauty\/?s={search_term_string}\"},\"query-input\":{\"@type\":\"PropertyValueSpecification\",\"valueRequired\":true,\"valueName\":\"search_term_string\"}}],\"inLanguage\":\"fi\"},{\"@type\":\"Organization\",\"@id\":\"https:\/\/www.saga.fi\/beauty\/#organization\",\"name\":\"Saga Beauty | Saga Trade Finland\",\"url\":\"https:\/\/www.saga.fi\/beauty\/\",\"logo\":{\"@type\":\"ImageObject\",\"inLanguage\":\"fi\",\"@id\":\"https:\/\/www.saga.fi\/beauty\/#\/schema\/logo\/image\/\",\"url\":\"https:\/\/www.saga.fi\/beauty\/wp-content\/uploads\/sites\/2\/2018\/02\/logo-saga-beauty.png\",\"contentUrl\":\"https:\/\/www.saga.fi\/beauty\/wp-content\/uploads\/sites\/2\/2018\/02\/logo-saga-beauty.png\",\"width\":204,\"height\":140,\"caption\":\"Saga Beauty | Saga Trade Finland\"},\"image\":{\"@id\":\"https:\/\/www.saga.fi\/beauty\/#\/schema\/logo\/image\/\"},\"sameAs\":[\"https:\/\/www.facebook.com\/Spashop.fi\"]}]}<\/script>\n<!-- \/ Yoast SEO plugin. -->","yoast_head_json":{"title":"Koulutus - Saga Beauty | Saga Trade Finland","robots":{"index":"index","follow":"follow","max-snippet":"max-snippet:-1","max-image-preview":"max-image-preview:large","max-video-preview":"max-video-preview:-1"},"canonical":"https:\/\/www.saga.fi\/beauty\/koulutus\/","og_locale":"fi_FI","og_type":"article","og_title":"Koulutus - Saga Beauty | Saga Trade Finland","og_url":"https:\/\/www.saga.fi\/beauty\/koulutus\/","og_site_name":"Saga Beauty | Saga Trade Finland","article_publisher":"https:\/\/www.facebook.com\/Spashop.fi","article_modified_time":"2026-03-10T09:54:43+00:00","twitter_card":"summary_large_image","twitter_misc":{"Arvioitu lukuaika":"2 minuuttia"},"schema":{"@context":"https:\/\/schema.org","@graph":[{"@type":"WebPage","@id":"https:\/\/www.saga.fi\/beauty\/koulutus\/","url":"https:\/\/www.saga.fi\/beauty\/koulutus\/","name":"Koulutus - Saga Beauty | Saga Trade Finland","isPartOf":{"@id":"https:\/\/www.saga.fi\/beauty\/#website"},"datePublished":"2018-01-18T09:29:31+00:00","dateModified":"2026-03-10T09:54:43+00:00","breadcrumb":{"@id":"https:\/\/www.saga.fi\/beauty\/koulutus\/#breadcrumb"},"inLanguage":"fi","potentialAction":[{"@type":"ReadAction","target":["https:\/\/www.saga.fi\/beauty\/koulutus\/"]}]},{"@type":"BreadcrumbList","@id":"https:\/\/www.saga.fi\/beauty\/koulutus\/#breadcrumb","itemListElement":[{"@type":"ListItem","position":1,"name":"Home","item":"https:\/\/www.saga.fi\/beauty\/etusivu\/"},{"@type":"ListItem","position":2,"name":"Koulutus"}]},{"@type":"WebSite","@id":"https:\/\/www.saga.fi\/beauty\/#website","url":"https:\/\/www.saga.fi\/beauty\/","name":"Saga Beauty | Saga Trade Finland","description":"Laatukosmetiikan maahantuonti","publisher":{"@id":"https:\/\/www.saga.fi\/beauty\/#organization"},"potentialAction":[{"@type":"SearchAction","target":{"@type":"EntryPoint","urlTemplate":"https:\/\/www.saga.fi\/beauty\/?s={search_term_string}"},"query-input":{"@type":"PropertyValueSpecification","valueRequired":true,"valueName":"search_term_string"}}],"inLanguage":"fi"},{"@type":"Organization","@id":"https:\/\/www.saga.fi\/beauty\/#organization","name":"Saga Beauty | Saga Trade Finland","url":"https:\/\/www.saga.fi\/beauty\/","logo":{"@type":"ImageObject","inLanguage":"fi","@id":"https:\/\/www.saga.fi\/beauty\/#\/schema\/logo\/image\/","url":"https:\/\/www.saga.fi\/beauty\/wp-content\/uploads\/sites\/2\/2018\/02\/logo-saga-beauty.png","contentUrl":"https:\/\/www.saga.fi\/beauty\/wp-content\/uploads\/sites\/2\/2018\/02\/logo-saga-beauty.png","width":204,"height":140,"caption":"Saga Beauty | Saga Trade Finland"},"image":{"@id":"https:\/\/www.saga.fi\/beauty\/#\/schema\/logo\/image\/"},"sameAs":["https:\/\/www.facebook.com\/Spashop.fi"]}]}},"_links":{"self":[{"href":"https:\/\/www.saga.fi\/beauty\/wp-json\/wp\/v2\/pages\/424","targetHints":{"allow":["GET"]}}],"collection":[{"href":"https:\/\/www.saga.fi\/beauty\/wp-json\/wp\/v2\/pages"}],"about":[{"href":"https:\/\/www.saga.fi\/beauty\/wp-json\/wp\/v2\/types\/page"}],"author":[{"embeddable":true,"href":"https:\/\/www.saga.fi\/beauty\/wp-json\/wp\/v2\/users\/2"}],"replies":[{"embeddable":true,"href":"https:\/\/www.saga.fi\/beauty\/wp-json\/wp\/v2\/comments?post=424"}],"version-history":[{"count":48,"href":"https:\/\/www.saga.fi\/beauty\/wp-json\/wp\/v2\/pages\/424\/revisions"}],"predecessor-version":[{"id":3998,"href":"https:\/\/www.saga.fi\/beauty\/wp-json\/wp\/v2\/pages\/424\/revisions\/3998"}],"wp:attachment":[{"href":"https:\/\/www.saga.fi\/beauty\/wp-json\/wp\/v2\/media?parent=424"}],"curies":[{"name":"wp","href":"https:\/\/api.w.org\/{rel}","templated":true}]}}