{"id":35,"date":"2018-01-18T15:43:52","date_gmt":"2018-01-18T13:43:52","guid":{"rendered":"http:\/\/devpra.saga.fi\/spatech\/?page_id=35"},"modified":"2018-01-22T15:10:50","modified_gmt":"2018-01-22T13:10:50","slug":"fysioterapia","status":"publish","type":"page","link":"https:\/\/www.saga.fi\/spatech\/fysioterapia\/","title":{"rendered":"Fysioterapia"},"content":{"rendered":"\n<style type=\"text\/css\" data-created_by=\"avia_inline_auto\" id=\"style-css-av-av_heading-8e5f87ab6d06815838b95fca8332afeb\">\n#top .av-special-heading.av-av_heading-8e5f87ab6d06815838b95fca8332afeb{\npadding-bottom:10px;\n}\nbody .av-special-heading.av-av_heading-8e5f87ab6d06815838b95fca8332afeb .av-special-heading-tag .heading-char{\nfont-size:25px;\n}\n.av-special-heading.av-av_heading-8e5f87ab6d06815838b95fca8332afeb .av-subheading{\nfont-size:15px;\n}\n<\/style>\n<div  class='av-special-heading av-av_heading-8e5f87ab6d06815838b95fca8332afeb av-special-heading-h1 blockquote modern-quote  avia-builder-el-0  el_before_av_portfolio  avia-builder-el-no-sibling '><h1 class='av-special-heading-tag '  itemprop=\"headline\"  >Fysioterapia<\/h1><div class=\"special-heading-border\"><div class=\"special-heading-inner-border\"><\/div><\/div><\/div>\n<div  id=\"av-sc-portfolio-1\"  class=' grid-sort-container isotope   no_margin-container with-excerpt-container grid-total-odd grid-col-5 grid-links-' data-portfolio-id='1'><div data-ajax-id='905' class=' grid-entry flex_column isotope-item all_sort no_margin post-entry post-entry-905 grid-entry-overview grid-loop-1 grid-parity-odd  fysioterapia_sort  av_one_fifth first default_av_fullwidth '><article class='main_color inner-entry'  itemscope=\"itemscope\" itemtype=\"https:\/\/schema.org\/CreativeWork\" ><a href=\"https:\/\/www.saga.fi\/spatech\/tuotteet-hoidot\/lemco-combi-bike-harjoituspyora\/\" title='LEMCO Combi Bike+ -harjoituspy\u00f6r\u00e4'  data-rel='grid-1' class='grid-image avia-hover-fx'> <img decoding=\"async\" fetchpriority=\"high\" width=\"260\" height=\"185\" src=\"https:\/\/www.saga.fi\/spatech\/wp-content\/uploads\/sites\/4\/2019\/01\/Lemco-combi-bike-1-260x185.jpg\" class=\"wp-image-910 avia-img-lazy-loading-not-910 attachment-portfolio_small size-portfolio_small wp-post-image\" alt=\"\" \/><\/a><div class='grid-content'><div class='avia-arrow'><\/div><header class=\"entry-content-header\" aria-label=\"Portfolio: LEMCO Combi Bike+ -harjoituspy\u00f6r\u00e4\"><h3 class='grid-entry-title entry-title '  itemprop=\"headline\" ><a href='https:\/\/www.saga.fi\/spatech\/tuotteet-hoidot\/lemco-combi-bike-harjoituspyora\/' title='LEMCO Combi Bike+ -harjoituspy\u00f6r\u00e4'>LEMCO Combi Bike+ -harjoituspy\u00f6r\u00e4<\/a><\/h3><\/header><div class='grid-entry-excerpt entry-content'  itemprop=\"text\" ><a href=\"\/spatech\/tuotteet-hoidot\/lemco-combi-bike-harjoituspyora\/\">Koe ja ihastu ainutlaatuiseen Lemco Combi Bike + -harjoituspy\u00f6r\u00e4\u00e4n!<\/a><\/div><\/div><footer class=\"entry-footer\"><\/footer><\/article><\/div><div data-ajax-id='50' class=' grid-entry flex_column isotope-item all_sort no_margin post-entry post-entry-50 grid-entry-overview grid-loop-2 grid-parity-even  fysioterapia_sort  av_one_fifth  default_av_fullwidth '><article class='main_color inner-entry'  itemscope=\"itemscope\" itemtype=\"https:\/\/schema.org\/CreativeWork\" ><a href=\"https:\/\/www.saga.fi\/spatech\/tuotteet-hoidot\/powerroll-pro-varahteleva-terapiarulla\/\" title='PowerRoll Pro v\u00e4r\u00e4htelev\u00e4 terapiarulla'  data-rel='grid-1' class='grid-image avia-hover-fx'> <img decoding=\"async\" fetchpriority=\"high\" width=\"260\" height=\"185\" src=\"https:\/\/www.saga.fi\/spatech\/wp-content\/uploads\/sites\/4\/2018\/01\/power-roll-pro-260x185.jpg\" class=\"wp-image-164 avia-img-lazy-loading-not-164 attachment-portfolio_small size-portfolio_small wp-post-image\" alt=\"\" \/><\/a><div class='grid-content'><div class='avia-arrow'><\/div><header class=\"entry-content-header\" aria-label=\"Portfolio: PowerRoll Pro v\u00e4r\u00e4htelev\u00e4 terapiarulla\"><h3 class='grid-entry-title entry-title '  itemprop=\"headline\" ><a href='https:\/\/www.saga.fi\/spatech\/tuotteet-hoidot\/powerroll-pro-varahteleva-terapiarulla\/' title='PowerRoll Pro v\u00e4r\u00e4htelev\u00e4 terapiarulla'>PowerRoll Pro v\u00e4r\u00e4htelev\u00e4 terapiarulla<\/a><\/h3><\/header><div class='grid-entry-excerpt entry-content'  itemprop=\"text\" ><a href=\"\/spatech\/tuotteet-hoidot\/powerroll-pro-varahteleva-terapiarulla\/\">Helppok\u00e4ytt\u00f6inen PowerRoll Pro-rulla sopii lihashuoltoon, hierontaan, kuntoutukseen ja urheilun j\u00e4lkeiseen palautumiseen. Syv\u00e4v\u00e4r\u00e4htelyn ansiosta tehokkaampi vaikutus.<\/a><\/div><\/div><footer class=\"entry-footer\"><\/footer><\/article><\/div><div data-ajax-id='52' class=' grid-entry flex_column isotope-item all_sort no_margin post-entry post-entry-52 grid-entry-overview grid-loop-3 grid-parity-odd  fysioterapia_sort  av_one_fifth  default_av_fullwidth '><article class='main_color inner-entry'  itemscope=\"itemscope\" itemtype=\"https:\/\/schema.org\/CreativeWork\" ><a href=\"https:\/\/www.saga.fi\/spatech\/tuotteet-hoidot\/revita-medical-varahtelyalusta-spintracmed\/\" title='Revita Medical v\u00e4r\u00e4htelyalusta ja spintracMED'  data-rel='grid-1' class='grid-image avia-hover-fx'> <img decoding=\"async\" fetchpriority=\"high\" width=\"260\" height=\"185\" src=\"https:\/\/www.saga.fi\/spatech\/wp-content\/uploads\/sites\/4\/2018\/01\/revita-medical-varahtelyalusta-artikkelikuva-260x185.jpg\" class=\"wp-image-174 avia-img-lazy-loading-not-174 attachment-portfolio_small size-portfolio_small wp-post-image\" alt=\"\" \/><\/a><div class='grid-content'><div class='avia-arrow'><\/div><header class=\"entry-content-header\" aria-label=\"Portfolio: Revita Medical v\u00e4r\u00e4htelyalusta ja spintracMED\"><h3 class='grid-entry-title entry-title '  itemprop=\"headline\" ><a href='https:\/\/www.saga.fi\/spatech\/tuotteet-hoidot\/revita-medical-varahtelyalusta-spintracmed\/' title='Revita Medical v\u00e4r\u00e4htelyalusta ja spintracMED'>Revita Medical v\u00e4r\u00e4htelyalusta ja spintracMED<\/a><\/h3><\/header><div class='grid-entry-excerpt entry-content'  itemprop=\"text\" ><a href=\"\/spatech\/tuotteet-hoidot\/revita-medical-varahtelyalusta\/\">REVITA-v\u00e4r\u00e4htelyalusta sopii lihasten rentouttamiseen ja vahvistamiseen sek\u00e4 verenkierron ja aineenvaihdunnan vilkastuttamiseen.<\/a><\/div><\/div><footer class=\"entry-footer\"><\/footer><\/article><\/div><div data-ajax-id='54' class=' grid-entry flex_column isotope-item all_sort no_margin post-entry post-entry-54 grid-entry-overview grid-loop-4 grid-parity-even  fysioterapia_sort  av_one_fifth  default_av_fullwidth '><article class='main_color inner-entry'  itemscope=\"itemscope\" itemtype=\"https:\/\/schema.org\/CreativeWork\" ><a href=\"https:\/\/www.saga.fi\/spatech\/tuotteet-hoidot\/slashpipe\/\" title='Slashpipe'  data-rel='grid-1' class='grid-image avia-hover-fx'> <img decoding=\"async\" fetchpriority=\"high\" width=\"260\" height=\"185\" src=\"https:\/\/www.saga.fi\/spatech\/wp-content\/uploads\/sites\/4\/2018\/01\/slashpipe-1-260x185.jpg\" class=\"wp-image-182 avia-img-lazy-loading-not-182 attachment-portfolio_small size-portfolio_small wp-post-image\" alt=\"\" \/><\/a><div class='grid-content'><div class='avia-arrow'><\/div><header class=\"entry-content-header\" aria-label=\"Portfolio: Slashpipe\"><h3 class='grid-entry-title entry-title '  itemprop=\"headline\" ><a href='https:\/\/www.saga.fi\/spatech\/tuotteet-hoidot\/slashpipe\/' title='Slashpipe'>Slashpipe<\/a><\/h3><\/header><div class='grid-entry-excerpt entry-content'  itemprop=\"text\" ><a href=\"\/spatech\/tuotteet-hoidot\/slashpipe\/\">Koe veden terapeuttinen voima Slashpipe-harjoitusputkella. Liikuntaryhmille, personal trainereille, urheilijoille, kotik\u00e4ytt\u00f6\u00f6n. Monipuolisia harjoitusohjelmia fysioterapiaan.<\/a><\/div><\/div><footer class=\"entry-footer\"><\/footer><\/article><\/div><div data-ajax-id='58' class=' grid-entry flex_column isotope-item all_sort no_margin post-entry post-entry-58 grid-entry-overview grid-loop-5 grid-parity-odd  fysioterapia_sort  av_one_fifth  default_av_fullwidth '><article class='main_color inner-entry'  itemscope=\"itemscope\" itemtype=\"https:\/\/schema.org\/CreativeWork\" ><a href=\"https:\/\/www.saga.fi\/spatech\/tuotteet-hoidot\/medical-flossing\/\" title='Medical Flossing'  data-rel='grid-1' class='grid-image avia-hover-fx'> <img decoding=\"async\" fetchpriority=\"high\" width=\"260\" height=\"185\" src=\"https:\/\/www.saga.fi\/spatech\/wp-content\/uploads\/sites\/4\/2018\/01\/medical-flossing-260x185.jpg\" class=\"wp-image-198 avia-img-lazy-loading-not-198 attachment-portfolio_small size-portfolio_small wp-post-image\" alt=\"\" \/><\/a><div class='grid-content'><div class='avia-arrow'><\/div><header class=\"entry-content-header\" aria-label=\"Portfolio: Medical Flossing\"><h3 class='grid-entry-title entry-title '  itemprop=\"headline\" ><a href='https:\/\/www.saga.fi\/spatech\/tuotteet-hoidot\/medical-flossing\/' title='Medical Flossing'>Medical Flossing<\/a><\/h3><\/header><div class='grid-entry-excerpt entry-content'  itemprop=\"text\" ><a href=\"\/spatech\/tuotteet-hoidot\/medical-flossing\/\">Medical Flossing on lihasten ja nivelten lyhytaikaiseen ja tiukkaan sidontaan perustuva tekniikka.<\/a><\/div><\/div><footer class=\"entry-footer\"><\/footer><\/article><\/div><div data-ajax-id='60' class=' grid-entry flex_column isotope-item all_sort no_margin post-entry post-entry-60 grid-entry-overview grid-loop-6 grid-parity-even  fysioterapia_sort hoitotarvikkeet_sort  av_one_fifth first default_av_fullwidth '><article class='main_color inner-entry'  itemscope=\"itemscope\" itemtype=\"https:\/\/schema.org\/CreativeWork\" ><a href=\"https:\/\/www.saga.fi\/spatech\/tuotteet-hoidot\/schupp-kinesioteippi\/\" title='Schupp kinesioteippi'  data-rel='grid-1' class='grid-image avia-hover-fx'> <img decoding=\"async\" fetchpriority=\"high\" width=\"260\" height=\"185\" src=\"https:\/\/www.saga.fi\/spatech\/wp-content\/uploads\/sites\/4\/2018\/01\/schupp-kinesioteippi-artikkelikuva-260x185.jpg\" class=\"wp-image-204 avia-img-lazy-loading-not-204 attachment-portfolio_small size-portfolio_small wp-post-image\" alt=\"\" \/><\/a><div class='grid-content'><div class='avia-arrow'><\/div><header class=\"entry-content-header\" aria-label=\"Portfolio: Schupp kinesioteippi\"><h3 class='grid-entry-title entry-title '  itemprop=\"headline\" ><a href='https:\/\/www.saga.fi\/spatech\/tuotteet-hoidot\/schupp-kinesioteippi\/' title='Schupp kinesioteippi'>Schupp kinesioteippi<\/a><\/h3><\/header><div class='grid-entry-excerpt entry-content'  itemprop=\"text\" ><a href=\"\/spatech\/tuotteet-hoidot\/schupp-kinesioteippi\/\">Schupp kinesioteippi urheiluun ja terapiaan. Teippikangas 100 % puuvillaa, ihoyst\u00e4v\u00e4llinen liimapinta, hengitt\u00e4v\u00e4 ja vedenkest\u00e4v\u00e4 rakenne.<\/a><\/div><\/div><footer class=\"entry-footer\"><\/footer><\/article><\/div><div data-ajax-id='62' class=' grid-entry flex_column isotope-item all_sort no_margin post-entry post-entry-62 grid-entry-overview grid-loop-7 grid-parity-odd  fysioterapia_sort  av_one_fifth  default_av_fullwidth '><article class='main_color inner-entry'  itemscope=\"itemscope\" itemtype=\"https:\/\/schema.org\/CreativeWork\" ><a href=\"https:\/\/www.saga.fi\/spatech\/tuotteet-hoidot\/imukuppiterapia-by-bellabambi\/\" title='Imukuppiterapia by BellaBambi'  data-rel='grid-1' class='grid-image avia-hover-fx'> <img decoding=\"async\" fetchpriority=\"high\" width=\"260\" height=\"185\" src=\"https:\/\/www.saga.fi\/spatech\/wp-content\/uploads\/sites\/4\/2018\/01\/imukuppiterapia-260x185.jpg\" class=\"wp-image-206 avia-img-lazy-loading-not-206 attachment-portfolio_small size-portfolio_small wp-post-image\" alt=\"\" \/><\/a><div class='grid-content'><div class='avia-arrow'><\/div><header class=\"entry-content-header\" aria-label=\"Portfolio: Imukuppiterapia by BellaBambi\"><h3 class='grid-entry-title entry-title '  itemprop=\"headline\" ><a href='https:\/\/www.saga.fi\/spatech\/tuotteet-hoidot\/imukuppiterapia-by-bellabambi\/' title='Imukuppiterapia by BellaBambi'>Imukuppiterapia by BellaBambi<\/a><\/h3><\/header><div class='grid-entry-excerpt entry-content'  itemprop=\"text\" ><a href=\"\/spatech\/tuotteet-hoidot\/imukuppiterapia-by-bellabambi\/\">Helppo k\u00e4ytt\u00e4\u00e4 hieronnan ja fysioterapian yhteydess\u00e4, faskiahoidoissa ja itsehoitona. Dermatologisesti testattu luonnontuote.<\/a><\/div><\/div><footer class=\"entry-footer\"><\/footer><\/article><\/div><div data-ajax-id='64' class=' grid-entry flex_column isotope-item all_sort no_margin post-entry post-entry-64 grid-entry-overview grid-loop-8 grid-parity-even  fysioterapia_sort  av_one_fifth  default_av_fullwidth '><article class='main_color inner-entry'  itemscope=\"itemscope\" itemtype=\"https:\/\/schema.org\/CreativeWork\" ><a href=\"https:\/\/www.saga.fi\/spatech\/tuotteet-hoidot\/kylmahoito\/\" title='Kylm\u00e4hoito'  data-rel='grid-1' class='grid-image avia-hover-fx'> <img decoding=\"async\" fetchpriority=\"high\" width=\"260\" height=\"185\" src=\"https:\/\/www.saga.fi\/spatech\/wp-content\/uploads\/sites\/4\/2018\/01\/kylmapakkaukset-260x185.jpg\" class=\"wp-image-211 avia-img-lazy-loading-not-211 attachment-portfolio_small size-portfolio_small wp-post-image\" alt=\"\" \/><\/a><div class='grid-content'><div class='avia-arrow'><\/div><header class=\"entry-content-header\" aria-label=\"Portfolio: Kylm\u00e4hoito\"><h3 class='grid-entry-title entry-title '  itemprop=\"headline\" ><a href='https:\/\/www.saga.fi\/spatech\/tuotteet-hoidot\/kylmahoito\/' title='Kylm\u00e4hoito'>Kylm\u00e4hoito<\/a><\/h3><\/header><div class='grid-entry-excerpt entry-content'  itemprop=\"text\" ><a href=\"\/spatech\/tuotteet-hoidot\/kylmahoito\/\">Kylm\u00e4pakkaukset koti- ja ammattik\u00e4ytt\u00f6\u00f6n. Valikoimassa runsaasti eri kokoja.<\/a><\/div><\/div><footer class=\"entry-footer\"><\/footer><\/article><\/div><div data-ajax-id='69' class=' grid-entry flex_column isotope-item all_sort no_margin post-entry post-entry-69 grid-entry-overview grid-loop-9 grid-parity-odd  fysioterapia_sort  av_one_fifth  default_av_fullwidth '><article class='main_color inner-entry'  itemscope=\"itemscope\" itemtype=\"https:\/\/schema.org\/CreativeWork\" ><a href=\"https:\/\/www.saga.fi\/spatech\/tuotteet-hoidot\/lampohoito\/\" title='L\u00e4mp\u00f6hoito'  data-rel='grid-1' class='grid-image avia-hover-fx'> <img decoding=\"async\" fetchpriority=\"high\" width=\"260\" height=\"185\" src=\"https:\/\/www.saga.fi\/spatech\/wp-content\/uploads\/sites\/4\/2018\/01\/lampoterapia-1-260x185.jpg\" class=\"wp-image-839 avia-img-lazy-loading-not-839 attachment-portfolio_small size-portfolio_small wp-post-image\" alt=\"\" \/><\/a><div class='grid-content'><div class='avia-arrow'><\/div><header class=\"entry-content-header\" aria-label=\"Portfolio: L\u00e4mp\u00f6hoito\"><h3 class='grid-entry-title entry-title '  itemprop=\"headline\" ><a href='https:\/\/www.saga.fi\/spatech\/tuotteet-hoidot\/lampohoito\/' title='L\u00e4mp\u00f6hoito'>L\u00e4mp\u00f6hoito<\/a><\/h3><\/header><div class='grid-entry-excerpt entry-content'  itemprop=\"text\" ><a href=\"\/tuotteet-hoidot\/lampohoito\/\">L\u00e4mm\u00f6nsiirtopakkaukset ja l\u00e4mp\u00f6kattilat l\u00e4mp\u00f6hoitoihin.<\/a><\/div><\/div><footer class=\"entry-footer\"><\/footer><\/article><\/div><div data-ajax-id='66' class=' grid-entry flex_column isotope-item all_sort no_margin post-entry post-entry-66 grid-entry-overview grid-loop-10 grid-parity-even  fysioterapia_sort  av_one_fifth  default_av_fullwidth '><article class='main_color inner-entry'  itemscope=\"itemscope\" itemtype=\"https:\/\/schema.org\/CreativeWork\" ><a href=\"https:\/\/www.saga.fi\/spatech\/tuotteet-hoidot\/wellness-nordic-rocking-chair\/\" title='Wellness Nordic Rocking Chair'  data-rel='grid-1' class='grid-image avia-hover-fx'> <img decoding=\"async\" fetchpriority=\"high\" width=\"260\" height=\"185\" src=\"https:\/\/www.saga.fi\/spatech\/wp-content\/uploads\/sites\/4\/2018\/01\/wellness-nordic-rocking-chair-260x185.jpg\" class=\"wp-image-215 avia-img-lazy-loading-not-215 attachment-portfolio_small size-portfolio_small wp-post-image\" alt=\"\" \/><\/a><div class='grid-content'><div class='avia-arrow'><\/div><header class=\"entry-content-header\" aria-label=\"Portfolio: Wellness Nordic Rocking Chair\"><h3 class='grid-entry-title entry-title '  itemprop=\"headline\" ><a href='https:\/\/www.saga.fi\/spatech\/tuotteet-hoidot\/wellness-nordic-rocking-chair\/' title='Wellness Nordic Rocking Chair'>Wellness Nordic Rocking Chair<\/a><\/h3><\/header><div class='grid-entry-excerpt entry-content'  itemprop=\"text\" ><a href=\"\/tuotteet-hoidot\/wellness-nordic-rocking-chair\/\">Modernia keinutuoliterapiaa - Wellness Nordic Rocking Chair on kognitiivinen apuv\u00e4line neuropsykologisten oireiden hoitoon.<\/a><\/div><\/div><footer class=\"entry-footer\"><\/footer><\/article><\/div><div data-ajax-id='749' class=' grid-entry flex_column isotope-item all_sort no_margin post-entry post-entry-749 grid-entry-overview grid-loop-11 grid-parity-odd  post-entry-last  elektroterapia_sort fysioterapia_sort hieronta_sort hoitotarvikkeet_sort kylpylatuotteet_sort  av_one_fifth first default_av_fullwidth '><article class='main_color inner-entry'  itemscope=\"itemscope\" itemtype=\"https:\/\/schema.org\/CreativeWork\" ><a href=\"https:\/\/www.saga.fi\/spatech\/tuotteet-hoidot\/hinnasto\/\" title='Hinnasto'  data-rel='grid-1' class='grid-image avia-hover-fx'> <img decoding=\"async\" fetchpriority=\"high\" width=\"260\" height=\"185\" src=\"https:\/\/www.saga.fi\/spatech\/wp-content\/uploads\/sites\/4\/2017\/03\/face-massage-260x185.jpg\" class=\"wp-image-14 avia-img-lazy-loading-not-14 attachment-portfolio_small size-portfolio_small wp-post-image\" alt=\"\" \/><\/a><div class='grid-content'><div class='avia-arrow'><\/div><header class=\"entry-content-header\" aria-label=\"Portfolio: Hinnasto\"><h3 class='grid-entry-title entry-title '  itemprop=\"headline\" ><a href='https:\/\/www.saga.fi\/spatech\/tuotteet-hoidot\/hinnasto\/' title='Hinnasto'>Hinnasto<\/a><\/h3><\/header><div class='grid-entry-excerpt entry-content'  itemprop=\"text\" ><a href=\"https:\/\/www.saga.fi\/spatech\/tuotteet-hoidot\/hinnasto\/\">Katso hinnat t\u00e4st\u00e4 \u00bb<\/a><\/div><\/div><footer class=\"entry-footer\"><\/footer><\/article><\/div><\/div>\n","protected":false},"excerpt":{"rendered":"","protected":false},"author":2,"featured_media":0,"parent":0,"menu_order":5,"comment_status":"closed","ping_status":"closed","template":"","meta":{"_acf_changed":false,"footnotes":""},"class_list":["post-35","page","type-page","status-publish","hentry"],"acf":[],"yoast_head":"<!-- This site is optimized with the Yoast SEO plugin v27.2 - https:\/\/yoast.com\/product\/yoast-seo-wordpress\/ -->\n<title>Fysioterapia - Saga Spatech | Saga Trade Finland<\/title>\n<meta name=\"robots\" content=\"index, follow, max-snippet:-1, max-image-preview:large, max-video-preview:-1\" \/>\n<link rel=\"canonical\" href=\"https:\/\/www.saga.fi\/spatech\/fysioterapia\/\" \/>\n<meta property=\"og:locale\" content=\"fi_FI\" \/>\n<meta property=\"og:type\" content=\"article\" \/>\n<meta property=\"og:title\" content=\"Fysioterapia - Saga Spatech | Saga Trade Finland\" \/>\n<meta property=\"og:url\" content=\"https:\/\/www.saga.fi\/spatech\/fysioterapia\/\" \/>\n<meta property=\"og:site_name\" content=\"Saga Spatech | Saga Trade Finland\" \/>\n<meta property=\"article:modified_time\" content=\"2018-01-22T13:10:50+00:00\" \/>\n<meta name=\"twitter:card\" content=\"summary_large_image\" \/>\n<script type=\"application\/ld+json\" class=\"yoast-schema-graph\">{\"@context\":\"https:\/\/schema.org\",\"@graph\":[{\"@type\":\"WebPage\",\"@id\":\"https:\/\/www.saga.fi\/spatech\/fysioterapia\/\",\"url\":\"https:\/\/www.saga.fi\/spatech\/fysioterapia\/\",\"name\":\"Fysioterapia - Saga Spatech | Saga Trade Finland\",\"isPartOf\":{\"@id\":\"https:\/\/www.saga.fi\/spatech\/#website\"},\"datePublished\":\"2018-01-18T13:43:52+00:00\",\"dateModified\":\"2018-01-22T13:10:50+00:00\",\"breadcrumb\":{\"@id\":\"https:\/\/www.saga.fi\/spatech\/fysioterapia\/#breadcrumb\"},\"inLanguage\":\"fi\",\"potentialAction\":[{\"@type\":\"ReadAction\",\"target\":[\"https:\/\/www.saga.fi\/spatech\/fysioterapia\/\"]}]},{\"@type\":\"BreadcrumbList\",\"@id\":\"https:\/\/www.saga.fi\/spatech\/fysioterapia\/#breadcrumb\",\"itemListElement\":[{\"@type\":\"ListItem\",\"position\":1,\"name\":\"Home\",\"item\":\"https:\/\/www.saga.fi\/spatech\/etusivu\/\"},{\"@type\":\"ListItem\",\"position\":2,\"name\":\"Fysioterapia\"}]},{\"@type\":\"WebSite\",\"@id\":\"https:\/\/www.saga.fi\/spatech\/#website\",\"url\":\"https:\/\/www.saga.fi\/spatech\/\",\"name\":\"Saga Spatech | Saga Trade Finland\",\"description\":\"Hyvinvointituotteiden osaaja ja edell\u00e4k\u00e4vij\u00e4\",\"potentialAction\":[{\"@type\":\"SearchAction\",\"target\":{\"@type\":\"EntryPoint\",\"urlTemplate\":\"https:\/\/www.saga.fi\/spatech\/?s={search_term_string}\"},\"query-input\":{\"@type\":\"PropertyValueSpecification\",\"valueRequired\":true,\"valueName\":\"search_term_string\"}}],\"inLanguage\":\"fi\"}]}<\/script>\n<!-- \/ Yoast SEO plugin. -->","yoast_head_json":{"title":"Fysioterapia - Saga Spatech | Saga Trade Finland","robots":{"index":"index","follow":"follow","max-snippet":"max-snippet:-1","max-image-preview":"max-image-preview:large","max-video-preview":"max-video-preview:-1"},"canonical":"https:\/\/www.saga.fi\/spatech\/fysioterapia\/","og_locale":"fi_FI","og_type":"article","og_title":"Fysioterapia - Saga Spatech | Saga Trade Finland","og_url":"https:\/\/www.saga.fi\/spatech\/fysioterapia\/","og_site_name":"Saga Spatech | Saga Trade Finland","article_modified_time":"2018-01-22T13:10:50+00:00","twitter_card":"summary_large_image","schema":{"@context":"https:\/\/schema.org","@graph":[{"@type":"WebPage","@id":"https:\/\/www.saga.fi\/spatech\/fysioterapia\/","url":"https:\/\/www.saga.fi\/spatech\/fysioterapia\/","name":"Fysioterapia - Saga Spatech | Saga Trade Finland","isPartOf":{"@id":"https:\/\/www.saga.fi\/spatech\/#website"},"datePublished":"2018-01-18T13:43:52+00:00","dateModified":"2018-01-22T13:10:50+00:00","breadcrumb":{"@id":"https:\/\/www.saga.fi\/spatech\/fysioterapia\/#breadcrumb"},"inLanguage":"fi","potentialAction":[{"@type":"ReadAction","target":["https:\/\/www.saga.fi\/spatech\/fysioterapia\/"]}]},{"@type":"BreadcrumbList","@id":"https:\/\/www.saga.fi\/spatech\/fysioterapia\/#breadcrumb","itemListElement":[{"@type":"ListItem","position":1,"name":"Home","item":"https:\/\/www.saga.fi\/spatech\/etusivu\/"},{"@type":"ListItem","position":2,"name":"Fysioterapia"}]},{"@type":"WebSite","@id":"https:\/\/www.saga.fi\/spatech\/#website","url":"https:\/\/www.saga.fi\/spatech\/","name":"Saga Spatech | Saga Trade Finland","description":"Hyvinvointituotteiden osaaja ja edell\u00e4k\u00e4vij\u00e4","potentialAction":[{"@type":"SearchAction","target":{"@type":"EntryPoint","urlTemplate":"https:\/\/www.saga.fi\/spatech\/?s={search_term_string}"},"query-input":{"@type":"PropertyValueSpecification","valueRequired":true,"valueName":"search_term_string"}}],"inLanguage":"fi"}]}},"_links":{"self":[{"href":"https:\/\/www.saga.fi\/spatech\/wp-json\/wp\/v2\/pages\/35","targetHints":{"allow":["GET"]}}],"collection":[{"href":"https:\/\/www.saga.fi\/spatech\/wp-json\/wp\/v2\/pages"}],"about":[{"href":"https:\/\/www.saga.fi\/spatech\/wp-json\/wp\/v2\/types\/page"}],"author":[{"embeddable":true,"href":"https:\/\/www.saga.fi\/spatech\/wp-json\/wp\/v2\/users\/2"}],"replies":[{"embeddable":true,"href":"https:\/\/www.saga.fi\/spatech\/wp-json\/wp\/v2\/comments?post=35"}],"version-history":[{"count":5,"href":"https:\/\/www.saga.fi\/spatech\/wp-json\/wp\/v2\/pages\/35\/revisions"}],"predecessor-version":[{"id":1131,"href":"https:\/\/www.saga.fi\/spatech\/wp-json\/wp\/v2\/pages\/35\/revisions\/1131"}],"wp:attachment":[{"href":"https:\/\/www.saga.fi\/spatech\/wp-json\/wp\/v2\/media?parent=35"}],"curies":[{"name":"wp","href":"https:\/\/api.w.org\/{rel}","templated":true}]}}