{"id":38,"date":"2018-01-18T15:44:17","date_gmt":"2018-01-18T13:44:17","guid":{"rendered":"http:\/\/devpra.saga.fi\/spatech\/?page_id=38"},"modified":"2018-01-26T14:55:57","modified_gmt":"2018-01-26T12:55:57","slug":"elektroterapia","status":"publish","type":"page","link":"https:\/\/www.saga.fi\/spatech\/elektroterapia\/","title":{"rendered":"Elektroterapia"},"content":{"rendered":"\n<style type=\"text\/css\" data-created_by=\"avia_inline_auto\" id=\"style-css-av-av_heading-766dc3c9615df3ac553c278734f96bf8\">\n#top .av-special-heading.av-av_heading-766dc3c9615df3ac553c278734f96bf8{\npadding-bottom:10px;\n}\nbody .av-special-heading.av-av_heading-766dc3c9615df3ac553c278734f96bf8 .av-special-heading-tag .heading-char{\nfont-size:25px;\n}\n.av-special-heading.av-av_heading-766dc3c9615df3ac553c278734f96bf8 .av-subheading{\nfont-size:15px;\n}\n<\/style>\n<div  class='av-special-heading av-av_heading-766dc3c9615df3ac553c278734f96bf8 av-special-heading-h1 blockquote modern-quote  avia-builder-el-0  el_before_av_portfolio  avia-builder-el-no-sibling '><h1 class='av-special-heading-tag '  itemprop=\"headline\"  >Elektroterapia<\/h1><div class=\"special-heading-border\"><div class=\"special-heading-inner-border\"><\/div><\/div><\/div>\n<div  id=\"av-sc-portfolio-1\"  class=' grid-sort-container isotope   no_margin-container with-excerpt-container grid-total-even grid-col-5 grid-links-' data-portfolio-id='1'><div data-ajax-id='1047' class=' grid-entry flex_column isotope-item all_sort no_margin post-entry post-entry-1047 grid-entry-overview grid-loop-1 grid-parity-odd  elektroterapia_sort  av_one_fifth first default_av_fullwidth '><article class='main_color inner-entry'  itemscope=\"itemscope\" itemtype=\"https:\/\/schema.org\/CreativeWork\" ><a href=\"https:\/\/www.saga.fi\/spatech\/tuotteet-hoidot\/combo\/\" title='Combo+ TENS\/EMS\/MASSAGE -hoitolaite'  data-rel='grid-1' class='grid-image avia-hover-fx'> <img decoding=\"async\" fetchpriority=\"high\" width=\"260\" height=\"185\" src=\"https:\/\/www.saga.fi\/spatech\/wp-content\/uploads\/sites\/4\/2021\/07\/Combo-Plus-artikkelikuva-260x185.jpg\" class=\"wp-image-1094 avia-img-lazy-loading-not-1094 attachment-portfolio_small size-portfolio_small wp-post-image\" alt=\"\" srcset=\"https:\/\/www.saga.fi\/spatech\/wp-content\/uploads\/sites\/4\/2021\/07\/Combo-Plus-artikkelikuva-260x185.jpg 260w, https:\/\/www.saga.fi\/spatech\/wp-content\/uploads\/sites\/4\/2021\/07\/Combo-Plus-artikkelikuva-300x213.jpg 300w, https:\/\/www.saga.fi\/spatech\/wp-content\/uploads\/sites\/4\/2021\/07\/Combo-Plus-artikkelikuva-768x546.jpg 768w, https:\/\/www.saga.fi\/spatech\/wp-content\/uploads\/sites\/4\/2021\/07\/Combo-Plus-artikkelikuva-705x501.jpg 705w, https:\/\/www.saga.fi\/spatech\/wp-content\/uploads\/sites\/4\/2021\/07\/Combo-Plus-artikkelikuva.jpg 800w\" sizes=\"(max-width: 260px) 100vw, 260px\" \/><\/a><div class='grid-content'><div class='avia-arrow'><\/div><header class=\"entry-content-header\" aria-label=\"Portfolio: Combo+ TENS\/EMS\/MASSAGE -hoitolaite\"><h3 class='grid-entry-title entry-title '  itemprop=\"headline\" ><a href='https:\/\/www.saga.fi\/spatech\/tuotteet-hoidot\/combo\/' title='Combo+ TENS\/EMS\/MASSAGE -hoitolaite'>Combo+ TENS\/EMS\/MASSAGE -hoitolaite<\/a><\/h3><\/header><\/div><footer class=\"entry-footer\"><\/footer><\/article><\/div><div data-ajax-id='1096' class=' grid-entry flex_column isotope-item all_sort no_margin post-entry post-entry-1096 grid-entry-overview grid-loop-2 grid-parity-even  elektroterapia_sort  av_one_fifth  default_av_fullwidth '><article class='main_color inner-entry'  itemscope=\"itemscope\" itemtype=\"https:\/\/schema.org\/CreativeWork\" ><a href=\"https:\/\/www.saga.fi\/spatech\/tuotteet-hoidot\/combo-tens-ems-massage-hoitolaite\/\" title='Combo TENS\/EMS\/MASSAGE -hoitolaite'  data-rel='grid-1' class='grid-image avia-hover-fx'> <img decoding=\"async\" fetchpriority=\"high\" width=\"260\" height=\"185\" src=\"https:\/\/www.saga.fi\/spatech\/wp-content\/uploads\/sites\/4\/2021\/12\/Combo-artikkelikuva-260x185.jpg\" class=\"wp-image-1099 avia-img-lazy-loading-not-1099 attachment-portfolio_small size-portfolio_small wp-post-image\" alt=\"\" srcset=\"https:\/\/www.saga.fi\/spatech\/wp-content\/uploads\/sites\/4\/2021\/12\/Combo-artikkelikuva-260x185.jpg 260w, https:\/\/www.saga.fi\/spatech\/wp-content\/uploads\/sites\/4\/2021\/12\/Combo-artikkelikuva-300x213.jpg 300w, https:\/\/www.saga.fi\/spatech\/wp-content\/uploads\/sites\/4\/2021\/12\/Combo-artikkelikuva-768x546.jpg 768w, https:\/\/www.saga.fi\/spatech\/wp-content\/uploads\/sites\/4\/2021\/12\/Combo-artikkelikuva-705x501.jpg 705w, https:\/\/www.saga.fi\/spatech\/wp-content\/uploads\/sites\/4\/2021\/12\/Combo-artikkelikuva.jpg 800w\" sizes=\"(max-width: 260px) 100vw, 260px\" \/><\/a><div class='grid-content'><div class='avia-arrow'><\/div><header class=\"entry-content-header\" aria-label=\"Portfolio: Combo TENS\/EMS\/MASSAGE -hoitolaite\"><h3 class='grid-entry-title entry-title '  itemprop=\"headline\" ><a href='https:\/\/www.saga.fi\/spatech\/tuotteet-hoidot\/combo-tens-ems-massage-hoitolaite\/' title='Combo TENS\/EMS\/MASSAGE -hoitolaite'>Combo TENS\/EMS\/MASSAGE -hoitolaite<\/a><\/h3><\/header><\/div><footer class=\"entry-footer\"><\/footer><\/article><\/div><div data-ajax-id='22' class=' grid-entry flex_column isotope-item all_sort no_margin post-entry post-entry-22 grid-entry-overview grid-loop-3 grid-parity-odd  elektroterapia_sort  av_one_fifth  default_av_fullwidth '><article class='main_color inner-entry'  itemscope=\"itemscope\" itemtype=\"https:\/\/schema.org\/CreativeWork\" ><a href=\"https:\/\/www.saga.fi\/spatech\/tuotteet-hoidot\/hivamat-deep-oscillation\/\" title='Hivamat Deep Oscillation'  data-rel='grid-1' class='grid-image avia-hover-fx'> <img decoding=\"async\" fetchpriority=\"high\" width=\"260\" height=\"185\" src=\"https:\/\/www.saga.fi\/spatech\/wp-content\/uploads\/sites\/4\/2018\/01\/dop-hivamat-artikkelikuva-260x185.jpg\" class=\"wp-image-221 avia-img-lazy-loading-not-221 attachment-portfolio_small size-portfolio_small wp-post-image\" alt=\"\" \/><\/a><div class='grid-content'><div class='avia-arrow'><\/div><header class=\"entry-content-header\" aria-label=\"Portfolio: Hivamat Deep Oscillation\"><h3 class='grid-entry-title entry-title '  itemprop=\"headline\" ><a href='https:\/\/www.saga.fi\/spatech\/tuotteet-hoidot\/hivamat-deep-oscillation\/' title='Hivamat Deep Oscillation'>Hivamat Deep Oscillation<\/a><\/h3><\/header><div class='grid-entry-excerpt entry-content'  itemprop=\"text\" ><a href=\"\/spatech\/tuotteet-hoidot\/hivamat-deep-oscillation\/\">L\u00e4\u00e4kinn\u00e4lliseksi laitteeksi luokitellun Hivamatin hoitoindikaatioita ovat lihasten rentoutus ja palautuminen, vammat, ven\u00e4hdykset, tulehdukset, turvotus, haavat jne<\/a><\/div><\/div><footer class=\"entry-footer\"><\/footer><\/article><\/div><div data-ajax-id='714' class=' grid-entry flex_column isotope-item all_sort no_margin post-entry post-entry-714 grid-entry-overview grid-loop-4 grid-parity-even  elektroterapia_sort  av_one_fifth  default_av_fullwidth '><article class='main_color inner-entry'  itemscope=\"itemscope\" itemtype=\"https:\/\/schema.org\/CreativeWork\" ><a href=\"https:\/\/www.saga.fi\/spatech\/tuotteet-hoidot\/hivamat-deep-oscillation-hoitolat\/\" title='Hivamat Deep Oscillation -hoitolat'  data-rel='grid-1' class='grid-image avia-hover-fx'> <img decoding=\"async\" fetchpriority=\"high\" width=\"260\" height=\"185\" src=\"https:\/\/www.saga.fi\/spatech\/wp-content\/uploads\/sites\/4\/2018\/01\/hivamat-collage-2-260x185.jpg\" class=\"wp-image-32 avia-img-lazy-loading-not-32 attachment-portfolio_small size-portfolio_small wp-post-image\" alt=\"\" \/><\/a><div class='grid-content'><div class='avia-arrow'><\/div><header class=\"entry-content-header\" aria-label=\"Portfolio: Hivamat Deep Oscillation -hoitolat\"><h3 class='grid-entry-title entry-title '  itemprop=\"headline\" ><a href='https:\/\/www.saga.fi\/spatech\/tuotteet-hoidot\/hivamat-deep-oscillation-hoitolat\/' title='Hivamat Deep Oscillation -hoitolat'>Hivamat Deep Oscillation -hoitolat<\/a><\/h3><\/header><div class='grid-entry-excerpt entry-content'  itemprop=\"text\" ><a href=\"\/spatech\/tuotteet-hoidot\/hivamat-deep-oscillation-hoitolat\/\">L\u00f6yd\u00e4 l\u00e4hin Hivamat Deep Oscillation -hoitola, t\u00e4st\u00e4 n\u00e4et kaikki Suomen hoitolat.<\/a><\/div><\/div><footer class=\"entry-footer\"><\/footer><\/article><\/div><div data-ajax-id='71' class=' grid-entry flex_column isotope-item all_sort no_margin post-entry post-entry-71 grid-entry-overview grid-loop-5 grid-parity-odd  elektroterapia_sort  av_one_fifth  default_av_fullwidth '><article class='main_color inner-entry'  itemscope=\"itemscope\" itemtype=\"https:\/\/schema.org\/CreativeWork\" ><a href=\"https:\/\/www.saga.fi\/spatech\/tuotteet-hoidot\/tens-ems-ja-elle-tens\/\" title='TENS, EMS ja Elle TENS'  data-rel='grid-1' class='grid-image avia-hover-fx'> <img decoding=\"async\" fetchpriority=\"high\" width=\"260\" height=\"185\" src=\"https:\/\/www.saga.fi\/spatech\/wp-content\/uploads\/sites\/4\/2018\/01\/elle-tens-artikkelikuva-260x185.jpg\" class=\"wp-image-237 avia-img-lazy-loading-not-237 attachment-portfolio_small size-portfolio_small wp-post-image\" alt=\"\" \/><\/a><div class='grid-content'><div class='avia-arrow'><\/div><header class=\"entry-content-header\" aria-label=\"Portfolio: TENS, EMS ja Elle TENS\"><h3 class='grid-entry-title entry-title '  itemprop=\"headline\" ><a href='https:\/\/www.saga.fi\/spatech\/tuotteet-hoidot\/tens-ems-ja-elle-tens\/' title='TENS, EMS ja Elle TENS'>TENS, EMS ja Elle TENS<\/a><\/h3><\/header><div class='grid-entry-excerpt entry-content'  itemprop=\"text\" ><a href=\"\/spatech\/tuotteet-hoidot\/tens-ems-ja-elle-tens\/\">TENS, ELLE TENS ja EMS-laitteet ja elektrodit sek\u00e4 hoitoaineet verkkokaupastamme<\/a><\/div><\/div><footer class=\"entry-footer\"><\/footer><\/article><\/div><div data-ajax-id='73' class=' grid-entry flex_column isotope-item all_sort no_margin post-entry post-entry-73 grid-entry-overview grid-loop-6 grid-parity-even  elektroterapia_sort  av_one_fifth first default_av_fullwidth '><article class='main_color inner-entry'  itemscope=\"itemscope\" itemtype=\"https:\/\/schema.org\/CreativeWork\" ><a href=\"https:\/\/www.saga.fi\/spatech\/tuotteet-hoidot\/us-ja-yhdistelmahoitolaitteet\/\" title='US- ja yhdistelm\u00e4hoitolaitteet'  data-rel='grid-1' class='grid-image avia-hover-fx'> <img decoding=\"async\" fetchpriority=\"high\" width=\"260\" height=\"185\" src=\"https:\/\/www.saga.fi\/spatech\/wp-content\/uploads\/sites\/4\/2018\/01\/us-ja-yhdistelm\u00e4hoitolaitteet-260x185.jpg\" class=\"wp-image-302 avia-img-lazy-loading-not-302 attachment-portfolio_small size-portfolio_small wp-post-image\" alt=\"\" \/><\/a><div class='grid-content'><div class='avia-arrow'><\/div><header class=\"entry-content-header\" aria-label=\"Portfolio: US- ja yhdistelm\u00e4hoitolaitteet\"><h3 class='grid-entry-title entry-title '  itemprop=\"headline\" ><a href='https:\/\/www.saga.fi\/spatech\/tuotteet-hoidot\/us-ja-yhdistelmahoitolaitteet\/' title='US- ja yhdistelm\u00e4hoitolaitteet'>US- ja yhdistelm\u00e4hoitolaitteet<\/a><\/h3><\/header><div class='grid-entry-excerpt entry-content'  itemprop=\"text\" ><a href=\"\/spatech\/tuotteet-hoidot\/us-ja-yhdistelmahoitolaitteet\/\">Zimmer-hoitolaitteet kosketusn\u00e4yt\u00f6ll\u00e4 - nykyaikaiset hoitolaitteet ammattilaiselle. Ultra\u00e4\u00e4nihoitolaite SoleoLine Sono ja yhdistelm\u00e4hoitolaite SoleoLine SonoStim.<\/a><\/div><\/div><footer class=\"entry-footer\"><\/footer><\/article><\/div><div data-ajax-id='75' class=' grid-entry flex_column isotope-item all_sort no_margin post-entry post-entry-75 grid-entry-overview grid-loop-7 grid-parity-odd  elektroterapia_sort  av_one_fifth  default_av_fullwidth '><article class='main_color inner-entry'  itemscope=\"itemscope\" itemtype=\"https:\/\/schema.org\/CreativeWork\" ><a href=\"https:\/\/www.saga.fi\/spatech\/tuotteet-hoidot\/zimmer-shockwave\/\" title='Zimmer Shockwave'  data-rel='grid-1' class='grid-image avia-hover-fx'> <img decoding=\"async\" fetchpriority=\"high\" width=\"260\" height=\"185\" src=\"https:\/\/www.saga.fi\/spatech\/wp-content\/uploads\/sites\/4\/2018\/01\/zimmer-schockwave-artikkelikuva-260x185.jpg\" class=\"wp-image-246 avia-img-lazy-loading-not-246 attachment-portfolio_small size-portfolio_small wp-post-image\" alt=\"\" \/><\/a><div class='grid-content'><div class='avia-arrow'><\/div><header class=\"entry-content-header\" aria-label=\"Portfolio: Zimmer Shockwave\"><h3 class='grid-entry-title entry-title '  itemprop=\"headline\" ><a href='https:\/\/www.saga.fi\/spatech\/tuotteet-hoidot\/zimmer-shockwave\/' title='Zimmer Shockwave'>Zimmer Shockwave<\/a><\/h3><\/header><div class='grid-entry-excerpt entry-content'  itemprop=\"text\" ><a href=\"\/spatech\/tuotteet-hoidot\/slashpipe\/\">Radial-shockwave terapia. Tehokas. Helppo k\u00e4ytt\u00e4\u00e4. Mobiili.<\/a><\/div><\/div><footer class=\"entry-footer\"><\/footer><\/article><\/div><div data-ajax-id='77' class=' grid-entry flex_column isotope-item all_sort no_margin post-entry post-entry-77 grid-entry-overview grid-loop-8 grid-parity-even  elektroterapia_sort  av_one_fifth  default_av_fullwidth '><article class='main_color inner-entry'  itemscope=\"itemscope\" itemtype=\"https:\/\/schema.org\/CreativeWork\" ><a href=\"https:\/\/www.saga.fi\/spatech\/tuotteet-hoidot\/zimmer-cryo\/\" title='Zimmer Cryo'  data-rel='grid-1' class='grid-image avia-hover-fx'> <img decoding=\"async\" fetchpriority=\"high\" width=\"260\" height=\"185\" src=\"https:\/\/www.saga.fi\/spatech\/wp-content\/uploads\/sites\/4\/2018\/01\/zimmer-cryo-artikkelikuva-260x185.jpg\" class=\"wp-image-255 avia-img-lazy-loading-not-255 attachment-portfolio_small size-portfolio_small wp-post-image\" alt=\"\" \/><\/a><div class='grid-content'><div class='avia-arrow'><\/div><header class=\"entry-content-header\" aria-label=\"Portfolio: Zimmer Cryo\"><h3 class='grid-entry-title entry-title '  itemprop=\"headline\" ><a href='https:\/\/www.saga.fi\/spatech\/tuotteet-hoidot\/zimmer-cryo\/' title='Zimmer Cryo'>Zimmer Cryo<\/a><\/h3><\/header><div class='grid-entry-excerpt entry-content'  itemprop=\"text\" ><a href=\"\/spatech\/tuotteet-hoidot\/zimmer-cryo\/\">Cryoterapiaa huipputeknologialla - kylm\u00e4ilmalla toteutettu cryoterapia on tehokas ja helppok\u00e4ytt\u00f6inen hoito lukuisiin terapeuttisiin kohteisiin.<\/a><\/div><\/div><footer class=\"entry-footer\"><\/footer><\/article><\/div><div data-ajax-id='81' class=' grid-entry flex_column isotope-item all_sort no_margin post-entry post-entry-81 grid-entry-overview grid-loop-9 grid-parity-odd  elektroterapia_sort  av_one_fifth  default_av_fullwidth '><article class='main_color inner-entry'  itemscope=\"itemscope\" itemtype=\"https:\/\/schema.org\/CreativeWork\" ><a href=\"https:\/\/www.saga.fi\/spatech\/tuotteet-hoidot\/varusteet\/\" title='Varusteet'  data-rel='grid-1' class='grid-image avia-hover-fx'> <img decoding=\"async\" fetchpriority=\"high\" width=\"260\" height=\"185\" src=\"https:\/\/www.saga.fi\/spatech\/wp-content\/uploads\/sites\/4\/2018\/01\/varusteet-260x185.jpg\" class=\"wp-image-272 avia-img-lazy-loading-not-272 attachment-portfolio_small size-portfolio_small wp-post-image\" alt=\"\" \/><\/a><div class='grid-content'><div class='avia-arrow'><\/div><header class=\"entry-content-header\" aria-label=\"Portfolio: Varusteet\"><h3 class='grid-entry-title entry-title '  itemprop=\"headline\" ><a href='https:\/\/www.saga.fi\/spatech\/tuotteet-hoidot\/varusteet\/' title='Varusteet'>Varusteet<\/a><\/h3><\/header><div class='grid-entry-excerpt entry-content'  itemprop=\"text\" ><a href=\"\/spatech\/tuotteet-hoidot\/varusteet\/\">Elektrodit, kaapelit ja muut tarvikkeet ammattilaisille.<\/a><\/div><\/div><footer class=\"entry-footer\"><\/footer><\/article><\/div><div data-ajax-id='749' class=' grid-entry flex_column isotope-item all_sort no_margin post-entry post-entry-749 grid-entry-overview grid-loop-10 grid-parity-even  post-entry-last  elektroterapia_sort fysioterapia_sort hieronta_sort hoitotarvikkeet_sort kylpylatuotteet_sort  av_one_fifth  default_av_fullwidth '><article class='main_color inner-entry'  itemscope=\"itemscope\" itemtype=\"https:\/\/schema.org\/CreativeWork\" ><a href=\"https:\/\/www.saga.fi\/spatech\/tuotteet-hoidot\/hinnasto\/\" title='Hinnasto'  data-rel='grid-1' class='grid-image avia-hover-fx'> <img decoding=\"async\" fetchpriority=\"high\" width=\"260\" height=\"185\" src=\"https:\/\/www.saga.fi\/spatech\/wp-content\/uploads\/sites\/4\/2017\/03\/face-massage-260x185.jpg\" class=\"wp-image-14 avia-img-lazy-loading-not-14 attachment-portfolio_small size-portfolio_small wp-post-image\" alt=\"\" \/><\/a><div class='grid-content'><div class='avia-arrow'><\/div><header class=\"entry-content-header\" aria-label=\"Portfolio: Hinnasto\"><h3 class='grid-entry-title entry-title '  itemprop=\"headline\" ><a href='https:\/\/www.saga.fi\/spatech\/tuotteet-hoidot\/hinnasto\/' title='Hinnasto'>Hinnasto<\/a><\/h3><\/header><div class='grid-entry-excerpt entry-content'  itemprop=\"text\" ><a href=\"https:\/\/www.saga.fi\/spatech\/tuotteet-hoidot\/hinnasto\/\">Katso hinnat t\u00e4st\u00e4 \u00bb<\/a><\/div><\/div><footer class=\"entry-footer\"><\/footer><\/article><\/div><\/div>\n","protected":false},"excerpt":{"rendered":"","protected":false},"author":2,"featured_media":0,"parent":0,"menu_order":6,"comment_status":"closed","ping_status":"closed","template":"","meta":{"_acf_changed":false,"footnotes":""},"class_list":["post-38","page","type-page","status-publish","hentry"],"acf":[],"yoast_head":"<!-- This site is optimized with the Yoast SEO plugin v27.2 - https:\/\/yoast.com\/product\/yoast-seo-wordpress\/ -->\n<title>Elektroterapia - Saga Spatech | Saga Trade Finland<\/title>\n<meta name=\"robots\" content=\"index, follow, max-snippet:-1, max-image-preview:large, max-video-preview:-1\" \/>\n<link rel=\"canonical\" href=\"https:\/\/www.saga.fi\/spatech\/elektroterapia\/\" \/>\n<meta property=\"og:locale\" content=\"fi_FI\" \/>\n<meta property=\"og:type\" content=\"article\" \/>\n<meta property=\"og:title\" content=\"Elektroterapia - Saga Spatech | Saga Trade Finland\" \/>\n<meta property=\"og:url\" content=\"https:\/\/www.saga.fi\/spatech\/elektroterapia\/\" \/>\n<meta property=\"og:site_name\" content=\"Saga Spatech | Saga Trade Finland\" \/>\n<meta property=\"article:modified_time\" content=\"2018-01-26T12:55:57+00:00\" \/>\n<meta name=\"twitter:card\" content=\"summary_large_image\" \/>\n<script type=\"application\/ld+json\" class=\"yoast-schema-graph\">{\"@context\":\"https:\/\/schema.org\",\"@graph\":[{\"@type\":\"WebPage\",\"@id\":\"https:\/\/www.saga.fi\/spatech\/elektroterapia\/\",\"url\":\"https:\/\/www.saga.fi\/spatech\/elektroterapia\/\",\"name\":\"Elektroterapia - Saga Spatech | Saga Trade Finland\",\"isPartOf\":{\"@id\":\"https:\/\/www.saga.fi\/spatech\/#website\"},\"datePublished\":\"2018-01-18T13:44:17+00:00\",\"dateModified\":\"2018-01-26T12:55:57+00:00\",\"breadcrumb\":{\"@id\":\"https:\/\/www.saga.fi\/spatech\/elektroterapia\/#breadcrumb\"},\"inLanguage\":\"fi\",\"potentialAction\":[{\"@type\":\"ReadAction\",\"target\":[\"https:\/\/www.saga.fi\/spatech\/elektroterapia\/\"]}]},{\"@type\":\"BreadcrumbList\",\"@id\":\"https:\/\/www.saga.fi\/spatech\/elektroterapia\/#breadcrumb\",\"itemListElement\":[{\"@type\":\"ListItem\",\"position\":1,\"name\":\"Home\",\"item\":\"https:\/\/www.saga.fi\/spatech\/etusivu\/\"},{\"@type\":\"ListItem\",\"position\":2,\"name\":\"Elektroterapia\"}]},{\"@type\":\"WebSite\",\"@id\":\"https:\/\/www.saga.fi\/spatech\/#website\",\"url\":\"https:\/\/www.saga.fi\/spatech\/\",\"name\":\"Saga Spatech | Saga Trade Finland\",\"description\":\"Hyvinvointituotteiden osaaja ja edell\u00e4k\u00e4vij\u00e4\",\"potentialAction\":[{\"@type\":\"SearchAction\",\"target\":{\"@type\":\"EntryPoint\",\"urlTemplate\":\"https:\/\/www.saga.fi\/spatech\/?s={search_term_string}\"},\"query-input\":{\"@type\":\"PropertyValueSpecification\",\"valueRequired\":true,\"valueName\":\"search_term_string\"}}],\"inLanguage\":\"fi\"}]}<\/script>\n<!-- \/ Yoast SEO plugin. -->","yoast_head_json":{"title":"Elektroterapia - Saga Spatech | Saga Trade Finland","robots":{"index":"index","follow":"follow","max-snippet":"max-snippet:-1","max-image-preview":"max-image-preview:large","max-video-preview":"max-video-preview:-1"},"canonical":"https:\/\/www.saga.fi\/spatech\/elektroterapia\/","og_locale":"fi_FI","og_type":"article","og_title":"Elektroterapia - Saga Spatech | Saga Trade Finland","og_url":"https:\/\/www.saga.fi\/spatech\/elektroterapia\/","og_site_name":"Saga Spatech | Saga Trade Finland","article_modified_time":"2018-01-26T12:55:57+00:00","twitter_card":"summary_large_image","schema":{"@context":"https:\/\/schema.org","@graph":[{"@type":"WebPage","@id":"https:\/\/www.saga.fi\/spatech\/elektroterapia\/","url":"https:\/\/www.saga.fi\/spatech\/elektroterapia\/","name":"Elektroterapia - Saga Spatech | Saga Trade Finland","isPartOf":{"@id":"https:\/\/www.saga.fi\/spatech\/#website"},"datePublished":"2018-01-18T13:44:17+00:00","dateModified":"2018-01-26T12:55:57+00:00","breadcrumb":{"@id":"https:\/\/www.saga.fi\/spatech\/elektroterapia\/#breadcrumb"},"inLanguage":"fi","potentialAction":[{"@type":"ReadAction","target":["https:\/\/www.saga.fi\/spatech\/elektroterapia\/"]}]},{"@type":"BreadcrumbList","@id":"https:\/\/www.saga.fi\/spatech\/elektroterapia\/#breadcrumb","itemListElement":[{"@type":"ListItem","position":1,"name":"Home","item":"https:\/\/www.saga.fi\/spatech\/etusivu\/"},{"@type":"ListItem","position":2,"name":"Elektroterapia"}]},{"@type":"WebSite","@id":"https:\/\/www.saga.fi\/spatech\/#website","url":"https:\/\/www.saga.fi\/spatech\/","name":"Saga Spatech | Saga Trade Finland","description":"Hyvinvointituotteiden osaaja ja edell\u00e4k\u00e4vij\u00e4","potentialAction":[{"@type":"SearchAction","target":{"@type":"EntryPoint","urlTemplate":"https:\/\/www.saga.fi\/spatech\/?s={search_term_string}"},"query-input":{"@type":"PropertyValueSpecification","valueRequired":true,"valueName":"search_term_string"}}],"inLanguage":"fi"}]}},"_links":{"self":[{"href":"https:\/\/www.saga.fi\/spatech\/wp-json\/wp\/v2\/pages\/38","targetHints":{"allow":["GET"]}}],"collection":[{"href":"https:\/\/www.saga.fi\/spatech\/wp-json\/wp\/v2\/pages"}],"about":[{"href":"https:\/\/www.saga.fi\/spatech\/wp-json\/wp\/v2\/types\/page"}],"author":[{"embeddable":true,"href":"https:\/\/www.saga.fi\/spatech\/wp-json\/wp\/v2\/users\/2"}],"replies":[{"embeddable":true,"href":"https:\/\/www.saga.fi\/spatech\/wp-json\/wp\/v2\/comments?post=38"}],"version-history":[{"count":5,"href":"https:\/\/www.saga.fi\/spatech\/wp-json\/wp\/v2\/pages\/38\/revisions"}],"predecessor-version":[{"id":1135,"href":"https:\/\/www.saga.fi\/spatech\/wp-json\/wp\/v2\/pages\/38\/revisions\/1135"}],"wp:attachment":[{"href":"https:\/\/www.saga.fi\/spatech\/wp-json\/wp\/v2\/media?parent=38"}],"curies":[{"name":"wp","href":"https:\/\/api.w.org\/{rel}","templated":true}]}}