{"id":44,"date":"2018-01-18T15:44:43","date_gmt":"2018-01-18T13:44:43","guid":{"rendered":"http:\/\/devpra.saga.fi\/spatech\/?page_id=44"},"modified":"2018-01-26T14:57:00","modified_gmt":"2018-01-26T12:57:00","slug":"hoitotarvikkeet","status":"publish","type":"page","link":"https:\/\/www.saga.fi\/spatech\/hoitotarvikkeet\/","title":{"rendered":"Hoitotarvikkeet"},"content":{"rendered":"\n<style type=\"text\/css\" data-created_by=\"avia_inline_auto\" id=\"style-css-av-av_heading-66fa2c5acc896a5813708a60b7db3f7b\">\n#top .av-special-heading.av-av_heading-66fa2c5acc896a5813708a60b7db3f7b{\npadding-bottom:10px;\n}\nbody .av-special-heading.av-av_heading-66fa2c5acc896a5813708a60b7db3f7b .av-special-heading-tag .heading-char{\nfont-size:25px;\n}\n.av-special-heading.av-av_heading-66fa2c5acc896a5813708a60b7db3f7b .av-subheading{\nfont-size:15px;\n}\n<\/style>\n<div  class='av-special-heading av-av_heading-66fa2c5acc896a5813708a60b7db3f7b av-special-heading-h1 blockquote modern-quote  avia-builder-el-0  el_before_av_portfolio  avia-builder-el-no-sibling '><h1 class='av-special-heading-tag '  itemprop=\"headline\"  >Hoitotarvikkeet<\/h1><div class=\"special-heading-border\"><div class=\"special-heading-inner-border\"><\/div><\/div><\/div>\n<div  id=\"av-sc-portfolio-1\"  class=' grid-sort-container isotope   no_margin-container with-excerpt-container grid-total-odd grid-col-5 grid-links-' data-portfolio-id='1'><div data-ajax-id='60' class=' grid-entry flex_column isotope-item all_sort no_margin post-entry post-entry-60 grid-entry-overview grid-loop-1 grid-parity-odd  fysioterapia_sort hoitotarvikkeet_sort  av_one_fifth first default_av_fullwidth '><article class='main_color inner-entry'  itemscope=\"itemscope\" itemtype=\"https:\/\/schema.org\/CreativeWork\" ><a href=\"https:\/\/www.saga.fi\/spatech\/tuotteet-hoidot\/schupp-kinesioteippi\/\" title='Schupp kinesioteippi'  data-rel='grid-1' class='grid-image avia-hover-fx'> <img decoding=\"async\" fetchpriority=\"high\" width=\"260\" height=\"185\" src=\"https:\/\/www.saga.fi\/spatech\/wp-content\/uploads\/sites\/4\/2018\/01\/schupp-kinesioteippi-artikkelikuva-260x185.jpg\" class=\"wp-image-204 avia-img-lazy-loading-not-204 attachment-portfolio_small size-portfolio_small wp-post-image\" alt=\"\" \/><\/a><div class='grid-content'><div class='avia-arrow'><\/div><header class=\"entry-content-header\" aria-label=\"Portfolio: Schupp kinesioteippi\"><h3 class='grid-entry-title entry-title '  itemprop=\"headline\" ><a href='https:\/\/www.saga.fi\/spatech\/tuotteet-hoidot\/schupp-kinesioteippi\/' title='Schupp kinesioteippi'>Schupp kinesioteippi<\/a><\/h3><\/header><div class='grid-entry-excerpt entry-content'  itemprop=\"text\" ><a href=\"\/spatech\/tuotteet-hoidot\/schupp-kinesioteippi\/\">Schupp kinesioteippi urheiluun ja terapiaan. Teippikangas 100 % puuvillaa, ihoyst\u00e4v\u00e4llinen liimapinta, hengitt\u00e4v\u00e4 ja vedenkest\u00e4v\u00e4 rakenne.<\/a><\/div><\/div><footer class=\"entry-footer\"><\/footer><\/article><\/div><div data-ajax-id='87' class=' grid-entry flex_column isotope-item all_sort no_margin post-entry post-entry-87 grid-entry-overview grid-loop-2 grid-parity-even  hieronta_sort hoitotarvikkeet_sort  av_one_fifth  default_av_fullwidth '><article class='main_color inner-entry'  itemscope=\"itemscope\" itemtype=\"https:\/\/schema.org\/CreativeWork\" ><a href=\"https:\/\/www.saga.fi\/spatech\/tuotteet-hoidot\/paperit-ja-suojaus\/\" title='Paperit ja suojaus'  data-rel='grid-1' class='grid-image avia-hover-fx'> <img decoding=\"async\" fetchpriority=\"high\" width=\"260\" height=\"185\" src=\"https:\/\/www.saga.fi\/spatech\/wp-content\/uploads\/sites\/4\/2018\/01\/hoitopoytakreppi-260x185.jpg\" class=\"wp-image-293 avia-img-lazy-loading-not-293 attachment-portfolio_small size-portfolio_small wp-post-image\" alt=\"\" \/><\/a><div class='grid-content'><div class='avia-arrow'><\/div><header class=\"entry-content-header\" aria-label=\"Portfolio: Paperit ja suojaus\"><h3 class='grid-entry-title entry-title '  itemprop=\"headline\" ><a href='https:\/\/www.saga.fi\/spatech\/tuotteet-hoidot\/paperit-ja-suojaus\/' title='Paperit ja suojaus'>Paperit ja suojaus<\/a><\/h3><\/header><div class='grid-entry-excerpt entry-content'  itemprop=\"text\" ><a href=\"\/spatech\/tuotteet-hoidot\/paperit-ja-suojaus\/\">Laadukkaat paperit, liinat, kankaat, suojak\u00e4sineet, pyyhkeet ym. ym. verkkokaupastamme.<\/a><\/div><\/div><footer class=\"entry-footer\"><\/footer><\/article><\/div><div data-ajax-id='95' class=' grid-entry flex_column isotope-item all_sort no_margin post-entry post-entry-95 grid-entry-overview grid-loop-3 grid-parity-odd  hieronta_sort hoitotarvikkeet_sort  av_one_fifth  default_av_fullwidth '><article class='main_color inner-entry'  itemscope=\"itemscope\" itemtype=\"https:\/\/schema.org\/CreativeWork\" ><a href=\"https:\/\/www.saga.fi\/spatech\/tuotteet-hoidot\/puhdistus-ja-desinfiointi\/\" title='Puhdistus ja desinfiointi'  data-rel='grid-1' class='grid-image avia-hover-fx'> <img decoding=\"async\" fetchpriority=\"high\" width=\"260\" height=\"185\" src=\"https:\/\/www.saga.fi\/spatech\/wp-content\/uploads\/sites\/4\/2018\/01\/puhdistus-ja.desinfiointi-260x185.jpg\" class=\"wp-image-304 avia-img-lazy-loading-not-304 attachment-portfolio_small size-portfolio_small wp-post-image\" alt=\"\" \/><\/a><div class='grid-content'><div class='avia-arrow'><\/div><header class=\"entry-content-header\" aria-label=\"Portfolio: Puhdistus ja desinfiointi\"><h3 class='grid-entry-title entry-title '  itemprop=\"headline\" ><a href='https:\/\/www.saga.fi\/spatech\/tuotteet-hoidot\/puhdistus-ja-desinfiointi\/' title='Puhdistus ja desinfiointi'>Puhdistus ja desinfiointi<\/a><\/h3><\/header><div class='grid-entry-excerpt entry-content'  itemprop=\"text\" ><a href=\"\/spatech\/tuotteet-hoidot\/puhdistus-ja-desinfiointi\/\">Tehokkaat puhdistus- ja desinfiointiaineet ammattik\u00e4ytt\u00f6\u00f6n suoraan verkkokaupastamme.<\/a><\/div><\/div><footer class=\"entry-footer\"><\/footer><\/article><\/div><div data-ajax-id='99' class=' grid-entry flex_column isotope-item all_sort no_margin post-entry post-entry-99 grid-entry-overview grid-loop-4 grid-parity-even  hoitotarvikkeet_sort  av_one_fifth  default_av_fullwidth '><article class='main_color inner-entry'  itemscope=\"itemscope\" itemtype=\"https:\/\/schema.org\/CreativeWork\" ><a href=\"https:\/\/www.saga.fi\/spatech\/tuotteet-hoidot\/elektrodit\/\" title='Elektrodit'  data-rel='grid-1' class='grid-image avia-hover-fx'> <img decoding=\"async\" fetchpriority=\"high\" width=\"260\" height=\"185\" src=\"https:\/\/www.saga.fi\/spatech\/wp-content\/uploads\/sites\/4\/2018\/01\/elektrodit-260x185.jpg\" class=\"wp-image-318 avia-img-lazy-loading-not-318 attachment-portfolio_small size-portfolio_small wp-post-image\" alt=\"\" \/><\/a><div class='grid-content'><div class='avia-arrow'><\/div><header class=\"entry-content-header\" aria-label=\"Portfolio: Elektrodit\"><h3 class='grid-entry-title entry-title '  itemprop=\"headline\" ><a href='https:\/\/www.saga.fi\/spatech\/tuotteet-hoidot\/elektrodit\/' title='Elektrodit'>Elektrodit<\/a><\/h3><\/header><div class='grid-entry-excerpt entry-content'  itemprop=\"text\" ><a href=\"\/spatech\/tuotteet-hoidot\/elektrodit\/\">Laadukkaat elektrodit eri k\u00e4ytt\u00f6tarkoituksiin verkkokaupastamme.<\/a><\/div><\/div><footer class=\"entry-footer\"><\/footer><\/article><\/div><div data-ajax-id='101' class=' grid-entry flex_column isotope-item all_sort no_margin post-entry post-entry-101 grid-entry-overview grid-loop-5 grid-parity-odd  hoitotarvikkeet_sort  av_one_fifth  default_av_fullwidth '><article class='main_color inner-entry'  itemscope=\"itemscope\" itemtype=\"https:\/\/schema.org\/CreativeWork\" ><a href=\"https:\/\/www.saga.fi\/spatech\/tuotteet-hoidot\/ultraaanigeeli\/\" title='Ultra\u00e4\u00e4nigeeli'  data-rel='grid-1' class='grid-image avia-hover-fx'> <img decoding=\"async\" fetchpriority=\"high\" width=\"260\" height=\"185\" src=\"https:\/\/www.saga.fi\/spatech\/wp-content\/uploads\/sites\/4\/2018\/01\/ultra\u00e4\u00e4nigeeli-260x185.jpg\" class=\"wp-image-320 avia-img-lazy-loading-not-320 attachment-portfolio_small size-portfolio_small wp-post-image\" alt=\"\" \/><\/a><div class='grid-content'><div class='avia-arrow'><\/div><header class=\"entry-content-header\" aria-label=\"Portfolio: Ultra\u00e4\u00e4nigeeli\"><h3 class='grid-entry-title entry-title '  itemprop=\"headline\" ><a href='https:\/\/www.saga.fi\/spatech\/tuotteet-hoidot\/ultraaanigeeli\/' title='Ultra\u00e4\u00e4nigeeli'>Ultra\u00e4\u00e4nigeeli<\/a><\/h3><\/header><div class='grid-entry-excerpt entry-content'  itemprop=\"text\" ><a href=\"https:\/\/www.saga.fi\/spatech\/tuotteet-hoidot\">Ultra\u00e4\u00e4nigeelit ammattik\u00e4ytt\u00f6\u00f6n verkkokaupastamme<\/a><\/div><\/div><footer class=\"entry-footer\"><\/footer><\/article><\/div><div data-ajax-id='103' class=' grid-entry flex_column isotope-item all_sort no_margin post-entry post-entry-103 grid-entry-overview grid-loop-6 grid-parity-even  hoitotarvikkeet_sort  av_one_fifth first default_av_fullwidth '><article class='main_color inner-entry'  itemscope=\"itemscope\" itemtype=\"https:\/\/schema.org\/CreativeWork\" ><a href=\"https:\/\/www.saga.fi\/spatech\/tuotteet-hoidot\/tyynyt-ja-pehmusteet\/\" title='Tyynyt ja pehmusteet'  data-rel='grid-1' class='grid-image avia-hover-fx'> <img decoding=\"async\" fetchpriority=\"high\" width=\"260\" height=\"185\" src=\"https:\/\/www.saga.fi\/spatech\/wp-content\/uploads\/sites\/4\/2018\/01\/kasvonaukonpehmuste-saga-260x185.jpg\" class=\"wp-image-286 avia-img-lazy-loading-not-286 attachment-portfolio_small size-portfolio_small wp-post-image\" alt=\"\" \/><\/a><div class='grid-content'><div class='avia-arrow'><\/div><header class=\"entry-content-header\" aria-label=\"Portfolio: Tyynyt ja pehmusteet\"><h3 class='grid-entry-title entry-title '  itemprop=\"headline\" ><a href='https:\/\/www.saga.fi\/spatech\/tuotteet-hoidot\/tyynyt-ja-pehmusteet\/' title='Tyynyt ja pehmusteet'>Tyynyt ja pehmusteet<\/a><\/h3><\/header><div class='grid-entry-excerpt entry-content'  itemprop=\"text\" ><a href=\"\/spatech\/tuotteet-hoidot\/tyynyt-ja-pehmusteet\/\">Tyynyt ja pehmusteet hoito- ja hierontak\u00e4ytt\u00f6\u00f6n verkkokaupastamme<\/a><\/div><\/div><footer class=\"entry-footer\"><\/footer><\/article><\/div><div data-ajax-id='105' class=' grid-entry flex_column isotope-item all_sort no_margin post-entry post-entry-105 grid-entry-overview grid-loop-7 grid-parity-odd  hoitotarvikkeet_sort  av_one_fifth  default_av_fullwidth '><article class='main_color inner-entry'  itemscope=\"itemscope\" itemtype=\"https:\/\/schema.org\/CreativeWork\" ><a href=\"https:\/\/www.saga.fi\/spatech\/tuotteet-hoidot\/vastusnauhat\/\" title='Vastusnauhat'  data-rel='grid-1' class='grid-image avia-hover-fx'> <img decoding=\"async\" fetchpriority=\"high\" width=\"260\" height=\"185\" src=\"https:\/\/www.saga.fi\/spatech\/wp-content\/uploads\/sites\/4\/2018\/01\/vastusnauhat-260x185.jpg\" class=\"wp-image-323 avia-img-lazy-loading-not-323 attachment-portfolio_small size-portfolio_small wp-post-image\" alt=\"\" \/><\/a><div class='grid-content'><div class='avia-arrow'><\/div><header class=\"entry-content-header\" aria-label=\"Portfolio: Vastusnauhat\"><h3 class='grid-entry-title entry-title '  itemprop=\"headline\" ><a href='https:\/\/www.saga.fi\/spatech\/tuotteet-hoidot\/vastusnauhat\/' title='Vastusnauhat'>Vastusnauhat<\/a><\/h3><\/header><div class='grid-entry-excerpt entry-content'  itemprop=\"text\" ><a href=\"\/spatech\/tuotteet-hoidot\/vastusnauhat\/\">Vastusnauhat fysioterapiaan, kuntoutukseen ja urheiluun verkkokaupastamme.<\/a><\/div><\/div><footer class=\"entry-footer\"><\/footer><\/article><\/div><div data-ajax-id='107' class=' grid-entry flex_column isotope-item all_sort no_margin post-entry post-entry-107 grid-entry-overview grid-loop-8 grid-parity-even  hoitotarvikkeet_sort  av_one_fifth  default_av_fullwidth '><article class='main_color inner-entry'  itemscope=\"itemscope\" itemtype=\"https:\/\/schema.org\/CreativeWork\" ><a href=\"https:\/\/www.saga.fi\/spatech\/tuotteet-hoidot\/terapiamatot\/\" title='Terapiamatot'  data-rel='grid-1' class='grid-image avia-hover-fx'> <img decoding=\"async\" fetchpriority=\"high\" width=\"260\" height=\"185\" src=\"https:\/\/www.saga.fi\/spatech\/wp-content\/uploads\/sites\/4\/2018\/01\/COMFORT-C_kk-2-260x185.jpg\" class=\"wp-image-638 avia-img-lazy-loading-not-638 attachment-portfolio_small size-portfolio_small wp-post-image\" alt=\"\" \/><\/a><div class='grid-content'><div class='avia-arrow'><\/div><header class=\"entry-content-header\" aria-label=\"Portfolio: Terapiamatot\"><h3 class='grid-entry-title entry-title '  itemprop=\"headline\" ><a href='https:\/\/www.saga.fi\/spatech\/tuotteet-hoidot\/terapiamatot\/' title='Terapiamatot'>Terapiamatot<\/a><\/h3><\/header><div class='grid-entry-excerpt entry-content'  itemprop=\"text\" ><a href=\"\/spatech\/tuotteet-hoidot\/terapiamatot\/\">Erikokoiset terapiamatot suoraan verkkokaupastamme.<\/a><\/div><\/div><footer class=\"entry-footer\"><\/footer><\/article><\/div><div data-ajax-id='749' class=' grid-entry flex_column isotope-item all_sort no_margin post-entry post-entry-749 grid-entry-overview grid-loop-9 grid-parity-odd  post-entry-last  elektroterapia_sort fysioterapia_sort hieronta_sort hoitotarvikkeet_sort kylpylatuotteet_sort  av_one_fifth  default_av_fullwidth '><article class='main_color inner-entry'  itemscope=\"itemscope\" itemtype=\"https:\/\/schema.org\/CreativeWork\" ><a href=\"https:\/\/www.saga.fi\/spatech\/tuotteet-hoidot\/hinnasto\/\" title='Hinnasto'  data-rel='grid-1' class='grid-image avia-hover-fx'> <img decoding=\"async\" fetchpriority=\"high\" width=\"260\" height=\"185\" src=\"https:\/\/www.saga.fi\/spatech\/wp-content\/uploads\/sites\/4\/2017\/03\/face-massage-260x185.jpg\" class=\"wp-image-14 avia-img-lazy-loading-not-14 attachment-portfolio_small size-portfolio_small wp-post-image\" alt=\"\" \/><\/a><div class='grid-content'><div class='avia-arrow'><\/div><header class=\"entry-content-header\" aria-label=\"Portfolio: Hinnasto\"><h3 class='grid-entry-title entry-title '  itemprop=\"headline\" ><a href='https:\/\/www.saga.fi\/spatech\/tuotteet-hoidot\/hinnasto\/' title='Hinnasto'>Hinnasto<\/a><\/h3><\/header><div class='grid-entry-excerpt entry-content'  itemprop=\"text\" ><a href=\"https:\/\/www.saga.fi\/spatech\/tuotteet-hoidot\/hinnasto\/\">Katso hinnat t\u00e4st\u00e4 \u00bb<\/a><\/div><\/div><footer class=\"entry-footer\"><\/footer><\/article><\/div><\/div>\n","protected":false},"excerpt":{"rendered":"","protected":false},"author":2,"featured_media":0,"parent":0,"menu_order":8,"comment_status":"closed","ping_status":"closed","template":"","meta":{"_acf_changed":false,"footnotes":""},"class_list":["post-44","page","type-page","status-publish","hentry"],"acf":[],"yoast_head":"<!-- This site is optimized with the Yoast SEO plugin v27.2 - https:\/\/yoast.com\/product\/yoast-seo-wordpress\/ -->\n<title>Hoitotarvikkeet - Saga Spatech | Saga Trade Finland<\/title>\n<meta name=\"robots\" content=\"index, follow, max-snippet:-1, max-image-preview:large, max-video-preview:-1\" \/>\n<link rel=\"canonical\" href=\"https:\/\/www.saga.fi\/spatech\/hoitotarvikkeet\/\" \/>\n<meta property=\"og:locale\" content=\"fi_FI\" \/>\n<meta property=\"og:type\" content=\"article\" \/>\n<meta property=\"og:title\" content=\"Hoitotarvikkeet - Saga Spatech | Saga Trade Finland\" \/>\n<meta property=\"og:url\" content=\"https:\/\/www.saga.fi\/spatech\/hoitotarvikkeet\/\" \/>\n<meta property=\"og:site_name\" content=\"Saga Spatech | Saga Trade Finland\" \/>\n<meta property=\"article:modified_time\" content=\"2018-01-26T12:57:00+00:00\" \/>\n<meta name=\"twitter:card\" content=\"summary_large_image\" \/>\n<script type=\"application\/ld+json\" class=\"yoast-schema-graph\">{\"@context\":\"https:\/\/schema.org\",\"@graph\":[{\"@type\":\"WebPage\",\"@id\":\"https:\/\/www.saga.fi\/spatech\/hoitotarvikkeet\/\",\"url\":\"https:\/\/www.saga.fi\/spatech\/hoitotarvikkeet\/\",\"name\":\"Hoitotarvikkeet - Saga Spatech | Saga Trade Finland\",\"isPartOf\":{\"@id\":\"https:\/\/www.saga.fi\/spatech\/#website\"},\"datePublished\":\"2018-01-18T13:44:43+00:00\",\"dateModified\":\"2018-01-26T12:57:00+00:00\",\"breadcrumb\":{\"@id\":\"https:\/\/www.saga.fi\/spatech\/hoitotarvikkeet\/#breadcrumb\"},\"inLanguage\":\"fi\",\"potentialAction\":[{\"@type\":\"ReadAction\",\"target\":[\"https:\/\/www.saga.fi\/spatech\/hoitotarvikkeet\/\"]}]},{\"@type\":\"BreadcrumbList\",\"@id\":\"https:\/\/www.saga.fi\/spatech\/hoitotarvikkeet\/#breadcrumb\",\"itemListElement\":[{\"@type\":\"ListItem\",\"position\":1,\"name\":\"Home\",\"item\":\"https:\/\/www.saga.fi\/spatech\/etusivu\/\"},{\"@type\":\"ListItem\",\"position\":2,\"name\":\"Hoitotarvikkeet\"}]},{\"@type\":\"WebSite\",\"@id\":\"https:\/\/www.saga.fi\/spatech\/#website\",\"url\":\"https:\/\/www.saga.fi\/spatech\/\",\"name\":\"Saga Spatech | Saga Trade Finland\",\"description\":\"Hyvinvointituotteiden osaaja ja edell\u00e4k\u00e4vij\u00e4\",\"potentialAction\":[{\"@type\":\"SearchAction\",\"target\":{\"@type\":\"EntryPoint\",\"urlTemplate\":\"https:\/\/www.saga.fi\/spatech\/?s={search_term_string}\"},\"query-input\":{\"@type\":\"PropertyValueSpecification\",\"valueRequired\":true,\"valueName\":\"search_term_string\"}}],\"inLanguage\":\"fi\"}]}<\/script>\n<!-- \/ Yoast SEO plugin. -->","yoast_head_json":{"title":"Hoitotarvikkeet - Saga Spatech | Saga Trade Finland","robots":{"index":"index","follow":"follow","max-snippet":"max-snippet:-1","max-image-preview":"max-image-preview:large","max-video-preview":"max-video-preview:-1"},"canonical":"https:\/\/www.saga.fi\/spatech\/hoitotarvikkeet\/","og_locale":"fi_FI","og_type":"article","og_title":"Hoitotarvikkeet - Saga Spatech | Saga Trade Finland","og_url":"https:\/\/www.saga.fi\/spatech\/hoitotarvikkeet\/","og_site_name":"Saga Spatech | Saga Trade Finland","article_modified_time":"2018-01-26T12:57:00+00:00","twitter_card":"summary_large_image","schema":{"@context":"https:\/\/schema.org","@graph":[{"@type":"WebPage","@id":"https:\/\/www.saga.fi\/spatech\/hoitotarvikkeet\/","url":"https:\/\/www.saga.fi\/spatech\/hoitotarvikkeet\/","name":"Hoitotarvikkeet - Saga Spatech | Saga Trade Finland","isPartOf":{"@id":"https:\/\/www.saga.fi\/spatech\/#website"},"datePublished":"2018-01-18T13:44:43+00:00","dateModified":"2018-01-26T12:57:00+00:00","breadcrumb":{"@id":"https:\/\/www.saga.fi\/spatech\/hoitotarvikkeet\/#breadcrumb"},"inLanguage":"fi","potentialAction":[{"@type":"ReadAction","target":["https:\/\/www.saga.fi\/spatech\/hoitotarvikkeet\/"]}]},{"@type":"BreadcrumbList","@id":"https:\/\/www.saga.fi\/spatech\/hoitotarvikkeet\/#breadcrumb","itemListElement":[{"@type":"ListItem","position":1,"name":"Home","item":"https:\/\/www.saga.fi\/spatech\/etusivu\/"},{"@type":"ListItem","position":2,"name":"Hoitotarvikkeet"}]},{"@type":"WebSite","@id":"https:\/\/www.saga.fi\/spatech\/#website","url":"https:\/\/www.saga.fi\/spatech\/","name":"Saga Spatech | Saga Trade Finland","description":"Hyvinvointituotteiden osaaja ja edell\u00e4k\u00e4vij\u00e4","potentialAction":[{"@type":"SearchAction","target":{"@type":"EntryPoint","urlTemplate":"https:\/\/www.saga.fi\/spatech\/?s={search_term_string}"},"query-input":{"@type":"PropertyValueSpecification","valueRequired":true,"valueName":"search_term_string"}}],"inLanguage":"fi"}]}},"_links":{"self":[{"href":"https:\/\/www.saga.fi\/spatech\/wp-json\/wp\/v2\/pages\/44","targetHints":{"allow":["GET"]}}],"collection":[{"href":"https:\/\/www.saga.fi\/spatech\/wp-json\/wp\/v2\/pages"}],"about":[{"href":"https:\/\/www.saga.fi\/spatech\/wp-json\/wp\/v2\/types\/page"}],"author":[{"embeddable":true,"href":"https:\/\/www.saga.fi\/spatech\/wp-json\/wp\/v2\/users\/2"}],"replies":[{"embeddable":true,"href":"https:\/\/www.saga.fi\/spatech\/wp-json\/wp\/v2\/comments?post=44"}],"version-history":[{"count":4,"href":"https:\/\/www.saga.fi\/spatech\/wp-json\/wp\/v2\/pages\/44\/revisions"}],"predecessor-version":[{"id":314,"href":"https:\/\/www.saga.fi\/spatech\/wp-json\/wp\/v2\/pages\/44\/revisions\/314"}],"wp:attachment":[{"href":"https:\/\/www.saga.fi\/spatech\/wp-json\/wp\/v2\/media?parent=44"}],"curies":[{"name":"wp","href":"https:\/\/api.w.org\/{rel}","templated":true}]}}